{"id":6081,"date":"2025-02-05T13:24:22","date_gmt":"2025-02-05T13:24:22","guid":{"rendered":"https:\/\/swiftbalear.com\/para-propietarios\/"},"modified":"2025-10-06T07:27:46","modified_gmt":"2025-10-06T07:27:46","slug":"para-propietarios","status":"publish","type":"page","link":"https:\/\/swiftbalear.com\/es\/para-propietarios\/","title":{"rendered":"Para propietarios"},"content":{"rendered":"\t\t<div data-elementor-type=\"wp-page\" data-elementor-id=\"6081\" class=\"elementor elementor-6081 elementor-4225\" data-elementor-post-type=\"page\">\n\t\t\t\t<div class=\"elementor-element elementor-element-d2015f2 e-con-full e-flex e-con e-parent\" data-id=\"d2015f2\" data-element_type=\"container\" data-e-type=\"container\">\n\t\t<div class=\"elementor-element elementor-element-89001ee e-flex e-con-boxed e-con e-child\" data-id=\"89001ee\" data-element_type=\"container\" data-e-type=\"container\" data-settings=\"{&quot;background_background&quot;:&quot;classic&quot;}\">\n\t\t\t\t\t<div class=\"e-con-inner\">\n\t\t\t\t<div class=\"elementor-element elementor-element-b998cbc elementor-widget elementor-widget-heading\" data-id=\"b998cbc\" data-element_type=\"widget\" data-e-type=\"widget\" data-widget_type=\"heading.default\">\n\t\t\t\t<div class=\"elementor-widget-container\">\n\t\t\t\t\t<h1 class=\"elementor-heading-title elementor-size-default\">Para propietarios<\/h1>\t\t\t\t<\/div>\n\t\t\t\t<\/div>\n\t\t\t\t<div class=\"elementor-element elementor-element-83c8a96 elementor-widget__width-initial elementor-widget-tablet__width-inherit elementor-widget elementor-widget-text-editor\" data-id=\"83c8a96\" data-element_type=\"widget\" data-e-type=\"widget\" data-widget_type=\"text-editor.default\">\n\t\t\t\t<div class=\"elementor-widget-container\">\n\t\t\t\t\t\t\t\t\t<p>\u00bfQuieres vender o alquilar tu casa o apartamento en las Islas Baleares? Como agente inmobiliario colegiado, te ofrecemos un servicio integral que no s\u00f3lo te ahorra tiempo y esfuerzo, sino que te garantiza los mejores resultados.<\/p>\n\t\t\t\t\t\t\t\t<\/div>\n\t\t\t\t<\/div>\n\t\t\t\t\t<\/div>\n\t\t\t\t<\/div>\n\t\t\t\t<\/div>\n\t\t<div class=\"elementor-element elementor-element-4c25c29a e-flex e-con-boxed e-con e-parent\" data-id=\"4c25c29a\" data-element_type=\"container\" data-e-type=\"container\">\n\t\t\t\t\t<div class=\"e-con-inner\">\n\t\t<div class=\"elementor-element elementor-element-30ef0692 e-con-full e-flex e-con e-child\" data-id=\"30ef0692\" data-element_type=\"container\" data-e-type=\"container\">\n\t\t\t\t<div class=\"elementor-element elementor-element-31bda43a elementor-widget elementor-widget-image\" data-id=\"31bda43a\" data-element_type=\"widget\" data-e-type=\"widget\" data-widget_type=\"image.default\">\n\t\t\t\t<div class=\"elementor-widget-container\">\n\t\t\t\t\t\t\t\t\t\t\t\t\t\t\t<img fetchpriority=\"high\" decoding=\"async\" width=\"800\" height=\"600\" src=\"https:\/\/swiftbalear.com\/wp-content\/uploads\/2025\/04\/farid-askerov-fYNt79ya0vs-unsplash-1024x768.jpg\" class=\"attachment-large size-large wp-image-6083\" alt=\"\" srcset=\"https:\/\/swiftbalear.com\/wp-content\/uploads\/2025\/04\/farid-askerov-fYNt79ya0vs-unsplash-1024x768.jpg 1024w, https:\/\/swiftbalear.com\/wp-content\/uploads\/2025\/04\/farid-askerov-fYNt79ya0vs-unsplash-300x225.jpg 300w, https:\/\/swiftbalear.com\/wp-content\/uploads\/2025\/04\/farid-askerov-fYNt79ya0vs-unsplash-768x576.jpg 768w, https:\/\/swiftbalear.com\/wp-content\/uploads\/2025\/04\/farid-askerov-fYNt79ya0vs-unsplash-1536x1152.jpg 1536w, https:\/\/swiftbalear.com\/wp-content\/uploads\/2025\/04\/farid-askerov-fYNt79ya0vs-unsplash-2048x1536.jpg 2048w\" sizes=\"(max-width: 800px) 100vw, 800px\" \/>\t\t\t\t\t\t\t\t\t\t\t\t\t\t\t<\/div>\n\t\t\t\t<\/div>\n\t\t\t\t<\/div>\n\t\t<div class=\"elementor-element elementor-element-7ee7b752 e-con-full e-flex e-con e-child\" data-id=\"7ee7b752\" data-element_type=\"container\" data-e-type=\"container\">\n\t\t\t\t<div class=\"elementor-element elementor-element-677651c7 elementor-widget elementor-widget-heading\" data-id=\"677651c7\" data-element_type=\"widget\" data-e-type=\"widget\" data-widget_type=\"heading.default\">\n\t\t\t\t<div class=\"elementor-widget-container\">\n\t\t\t\t\t<h3 class=\"elementor-heading-title elementor-size-default\">Conocimiento profesional del mercado para una estrategia de precios \u00f3ptima<\/h3>\t\t\t\t<\/div>\n\t\t\t\t<\/div>\n\t\t\t\t<div class=\"elementor-element elementor-element-6f15f21f elementor-widget elementor-widget-text-editor\" data-id=\"6f15f21f\" data-element_type=\"widget\" data-e-type=\"widget\" data-widget_type=\"text-editor.default\">\n\t\t\t\t<div class=\"elementor-widget-container\">\n\t\t\t\t\t\t\t\t\t<p>Gracias a nuestros muchos a\u00f1os de experiencia y a nuestros exhaustivos an\u00e1lisis de mercado, determinamos el <strong>precio realista y \u00f3ptimo<\/strong> para tu inmueble. Esto te ayuda a evitar juicios err\u00f3neos y a conseguir el <strong>mejor precio de venta posible<\/strong> o unos <strong>lucrativos ingresos por alquiler<\/strong>. <\/p>\n\t\t\t\t\t\t\t\t<\/div>\n\t\t\t\t<\/div>\n\t\t\t\t<\/div>\n\t\t\t\t\t<\/div>\n\t\t\t\t<\/div>\n\t\t<div class=\"elementor-element elementor-element-0cd57ec e-flex e-con-boxed e-con e-parent\" data-id=\"0cd57ec\" data-element_type=\"container\" data-e-type=\"container\">\n\t\t\t\t\t<div class=\"e-con-inner\">\n\t\t<div class=\"elementor-element elementor-element-fc18fb9 e-con-full e-flex e-con e-child\" data-id=\"fc18fb9\" data-element_type=\"container\" data-e-type=\"container\">\n\t\t\t\t<div class=\"elementor-element elementor-element-a3aab64 elementor-widget elementor-widget-heading\" data-id=\"a3aab64\" data-element_type=\"widget\" data-e-type=\"widget\" data-widget_type=\"heading.default\">\n\t\t\t\t<div class=\"elementor-widget-container\">\n\t\t\t\t\t<h3 class=\"elementor-heading-title elementor-size-default\">Seguridad jur\u00eddica y tranquilidad<\/h3>\t\t\t\t<\/div>\n\t\t\t\t<\/div>\n\t\t\t\t<div class=\"elementor-element elementor-element-a30ab6f elementor-widget elementor-widget-text-editor\" data-id=\"a30ab6f\" data-element_type=\"widget\" data-e-type=\"widget\" data-widget_type=\"text-editor.default\">\n\t\t\t\t<div class=\"elementor-widget-container\">\n\t\t\t\t\t\t\t\t\t<p>El mercado inmobiliario de Mallorca est\u00e1 sujeto a una normativa legal especial. Nos aseguramos de que se cumplan <g id=\"gid_0\">todos los requisitos legales<\/g>, desde la comprobaci\u00f3n de la propiedad hasta la redacci\u00f3n de contratos conformes a la ley. Esto te protege de <strong>riesgos legales y fiscales<\/strong>.  <\/p>\n\t\t\t\t\t\t\t\t<\/div>\n\t\t\t\t<\/div>\n\t\t\t\t<\/div>\n\t\t<div class=\"elementor-element elementor-element-9916152 e-con-full e-flex e-con e-child\" data-id=\"9916152\" data-element_type=\"container\" data-e-type=\"container\">\n\t\t\t\t<div class=\"elementor-element elementor-element-a8eba87 elementor-widget elementor-widget-image\" data-id=\"a8eba87\" data-element_type=\"widget\" data-e-type=\"widget\" data-widget_type=\"image.default\">\n\t\t\t\t<div class=\"elementor-widget-container\">\n\t\t\t\t\t\t\t\t\t\t\t\t\t\t\t<img decoding=\"async\" width=\"2560\" height=\"1918\" src=\"https:\/\/swiftbalear.com\/wp-content\/uploads\/2025\/04\/david-vives-MVn-X6nfltU-unsplash-scaled.jpg\" class=\"attachment-full size-full wp-image-6084\" alt=\"\" srcset=\"https:\/\/swiftbalear.com\/wp-content\/uploads\/2025\/04\/david-vives-MVn-X6nfltU-unsplash-scaled.jpg 2560w, https:\/\/swiftbalear.com\/wp-content\/uploads\/2025\/04\/david-vives-MVn-X6nfltU-unsplash-300x225.jpg 300w, https:\/\/swiftbalear.com\/wp-content\/uploads\/2025\/04\/david-vives-MVn-X6nfltU-unsplash-1024x767.jpg 1024w, https:\/\/swiftbalear.com\/wp-content\/uploads\/2025\/04\/david-vives-MVn-X6nfltU-unsplash-768x575.jpg 768w, https:\/\/swiftbalear.com\/wp-content\/uploads\/2025\/04\/david-vives-MVn-X6nfltU-unsplash-1536x1151.jpg 1536w, https:\/\/swiftbalear.com\/wp-content\/uploads\/2025\/04\/david-vives-MVn-X6nfltU-unsplash-2048x1534.jpg 2048w\" sizes=\"(max-width: 2560px) 100vw, 2560px\" \/>\t\t\t\t\t\t\t\t\t\t\t\t\t\t\t<\/div>\n\t\t\t\t<\/div>\n\t\t\t\t<\/div>\n\t\t\t\t\t<\/div>\n\t\t\t\t<\/div>\n\t\t<div class=\"elementor-element elementor-element-e0ddec4 e-flex e-con-boxed e-con e-parent\" data-id=\"e0ddec4\" data-element_type=\"container\" data-e-type=\"container\">\n\t\t\t\t\t<div class=\"e-con-inner\">\n\t\t<div class=\"elementor-element elementor-element-71956ae e-con-full e-flex e-con e-child\" data-id=\"71956ae\" data-element_type=\"container\" data-e-type=\"container\">\n\t\t\t\t<div class=\"elementor-element elementor-element-80d9402 elementor-widget elementor-widget-image\" data-id=\"80d9402\" data-element_type=\"widget\" data-e-type=\"widget\" data-widget_type=\"image.default\">\n\t\t\t\t<div class=\"elementor-widget-container\">\n\t\t\t\t\t\t\t\t\t\t\t\t\t\t\t<img decoding=\"async\" width=\"2560\" height=\"1755\" src=\"https:\/\/swiftbalear.com\/wp-content\/uploads\/2025\/04\/clem-onojeghuo-jUAcCtbMb0k-unsplash-scaled.jpg\" class=\"attachment-full size-full wp-image-6085\" alt=\"\" srcset=\"https:\/\/swiftbalear.com\/wp-content\/uploads\/2025\/04\/clem-onojeghuo-jUAcCtbMb0k-unsplash-scaled.jpg 2560w, https:\/\/swiftbalear.com\/wp-content\/uploads\/2025\/04\/clem-onojeghuo-jUAcCtbMb0k-unsplash-300x206.jpg 300w, https:\/\/swiftbalear.com\/wp-content\/uploads\/2025\/04\/clem-onojeghuo-jUAcCtbMb0k-unsplash-1024x702.jpg 1024w, https:\/\/swiftbalear.com\/wp-content\/uploads\/2025\/04\/clem-onojeghuo-jUAcCtbMb0k-unsplash-768x527.jpg 768w, https:\/\/swiftbalear.com\/wp-content\/uploads\/2025\/04\/clem-onojeghuo-jUAcCtbMb0k-unsplash-1536x1053.jpg 1536w, https:\/\/swiftbalear.com\/wp-content\/uploads\/2025\/04\/clem-onojeghuo-jUAcCtbMb0k-unsplash-2048x1404.jpg 2048w\" sizes=\"(max-width: 2560px) 100vw, 2560px\" \/>\t\t\t\t\t\t\t\t\t\t\t\t\t\t\t<\/div>\n\t\t\t\t<\/div>\n\t\t\t\t<\/div>\n\t\t<div class=\"elementor-element elementor-element-2ec571b e-con-full e-flex e-con e-child\" data-id=\"2ec571b\" data-element_type=\"container\" data-e-type=\"container\">\n\t\t\t\t<div class=\"elementor-element elementor-element-2d4e365 elementor-widget elementor-widget-heading\" data-id=\"2d4e365\" data-element_type=\"widget\" data-e-type=\"widget\" data-widget_type=\"heading.default\">\n\t\t\t\t<div class=\"elementor-widget-container\">\n\t\t\t\t\t<h3 class=\"elementor-heading-title elementor-size-default\">Marketing eficaz y alcance internacional<\/h3>\t\t\t\t<\/div>\n\t\t\t\t<\/div>\n\t\t\t\t<div class=\"elementor-element elementor-element-f3f489e elementor-widget elementor-widget-text-editor\" data-id=\"f3f489e\" data-element_type=\"widget\" data-e-type=\"widget\" data-widget_type=\"text-editor.default\">\n\t\t\t\t<div class=\"elementor-widget-container\">\n\t\t\t\t\t\t\t\t\t<p>Tu inmueble se presentar\u00e1 de forma profesional, con <strong>fotos<\/strong> de alta calidad <strong>, visitas virtuales y exposiciones atractivas<\/strong>. Tambi\u00e9n presentamos tu inmueble en los <strong>portales inmobiliarios m\u00e1s importantes<\/strong> y a trav\u00e9s de nuestra <strong>red<\/strong> internacional, para encontrar r\u00e1pidamente a los compradores o inquilinos adecuados. <\/p>\n\t\t\t\t\t\t\t\t<\/div>\n\t\t\t\t<\/div>\n\t\t\t\t<\/div>\n\t\t\t\t\t<\/div>\n\t\t\t\t<\/div>\n\t\t<div class=\"elementor-element elementor-element-f756874 e-flex e-con-boxed e-con e-parent\" data-id=\"f756874\" data-element_type=\"container\" data-e-type=\"container\">\n\t\t\t\t\t<div class=\"e-con-inner\">\n\t\t<div class=\"elementor-element elementor-element-f8a753a e-con-full e-flex e-con e-child\" data-id=\"f8a753a\" data-element_type=\"container\" data-e-type=\"container\">\n\t\t\t\t<div class=\"elementor-element elementor-element-63a402d elementor-widget elementor-widget-heading\" data-id=\"63a402d\" data-element_type=\"widget\" data-e-type=\"widget\" data-widget_type=\"heading.default\">\n\t\t\t\t<div class=\"elementor-widget-container\">\n\t\t\t\t\t<h3 class=\"elementor-heading-title elementor-size-default\">Servicio completo - Nos ocupamos de todo<\/h3>\t\t\t\t<\/div>\n\t\t\t\t<\/div>\n\t\t\t\t<div class=\"elementor-element elementor-element-b3b3265 elementor-widget elementor-widget-text-editor\" data-id=\"b3b3265\" data-element_type=\"widget\" data-e-type=\"widget\" data-widget_type=\"text-editor.default\">\n\t\t\t\t<div class=\"elementor-widget-container\">\n\t\t\t\t\t\t\t\t\t<p>Desde la <strong>organizaci\u00f3n y realizaci\u00f3n de visitas<\/strong> hasta la <strong>comunicaci\u00f3n con los posibles compradores<\/strong>, hacemos todo el trabajo por ti. Filtramos las consultas cualificadas y te proporcionamos un apoyo fiable hasta que la venta o el alquiler se completan con \u00e9xito. <\/p>\n\t\t\t\t\t\t\t\t<\/div>\n\t\t\t\t<\/div>\n\t\t\t\t<\/div>\n\t\t<div class=\"elementor-element elementor-element-9195a88 e-con-full e-flex e-con e-child\" data-id=\"9195a88\" data-element_type=\"container\" data-e-type=\"container\">\n\t\t\t\t<div class=\"elementor-element elementor-element-b8384d3 elementor-widget elementor-widget-image\" data-id=\"b8384d3\" data-element_type=\"widget\" data-e-type=\"widget\" data-widget_type=\"image.default\">\n\t\t\t\t<div class=\"elementor-widget-container\">\n\t\t\t\t\t\t\t\t\t\t\t\t\t\t\t<img loading=\"lazy\" decoding=\"async\" width=\"1187\" height=\"900\" src=\"https:\/\/swiftbalear.com\/wp-content\/uploads\/2025\/09\/Komplettservice.jpeg\" class=\"attachment-full size-full wp-image-5134\" alt=\"\" srcset=\"https:\/\/swiftbalear.com\/wp-content\/uploads\/2025\/09\/Komplettservice.jpeg 1187w, https:\/\/swiftbalear.com\/wp-content\/uploads\/2025\/09\/Komplettservice-300x227.jpeg 300w, https:\/\/swiftbalear.com\/wp-content\/uploads\/2025\/09\/Komplettservice-1024x776.jpeg 1024w, https:\/\/swiftbalear.com\/wp-content\/uploads\/2025\/09\/Komplettservice-768x582.jpeg 768w\" sizes=\"(max-width: 1187px) 100vw, 1187px\" \/>\t\t\t\t\t\t\t\t\t\t\t\t\t\t\t<\/div>\n\t\t\t\t<\/div>\n\t\t\t\t<\/div>\n\t\t\t\t\t<\/div>\n\t\t\t\t<\/div>\n\t\t<div class=\"elementor-element elementor-element-ae0d7e6 e-flex e-con-boxed e-con e-parent\" data-id=\"ae0d7e6\" data-element_type=\"container\" data-e-type=\"container\">\n\t\t\t\t\t<div class=\"e-con-inner\">\n\t\t<div class=\"elementor-element elementor-element-d2a7037 e-con-full e-flex e-con e-child\" data-id=\"d2a7037\" data-element_type=\"container\" data-e-type=\"container\">\n\t\t\t\t<div class=\"elementor-element elementor-element-051cfbd elementor-widget elementor-widget-heading\" data-id=\"051cfbd\" data-element_type=\"widget\" data-e-type=\"widget\" data-widget_type=\"heading.default\">\n\t\t\t\t<div class=\"elementor-widget-container\">\n\t\t\t\t\t<h3 class=\"elementor-heading-title elementor-size-default\">Tramitaci\u00f3n r\u00e1pida y segura<\/h3>\t\t\t\t<\/div>\n\t\t\t\t<\/div>\n\t\t\t\t<div class=\"elementor-element elementor-element-e9c2227 elementor-widget elementor-widget-text-editor\" data-id=\"e9c2227\" data-element_type=\"widget\" data-e-type=\"widget\" data-widget_type=\"text-editor.default\">\n\t\t\t\t<div class=\"elementor-widget-container\">\n\t\t\t\t\t\t\t\t\t<p>Gracias a nuestra experiencia y a nuestros procesos optimizados, garantizamos una <strong>transacci\u00f3n eficaz y segura<\/strong>. Te guiamos a lo largo de todo el proceso de venta o alquiler y nos aseguramos de que todo vaya sobre ruedas, desde la consulta inicial hasta la entrega de llaves. <\/p>\t\t\t\t\t\t\t\t<\/div>\n\t\t\t\t<\/div>\n\t\t\t\t<\/div>\n\t\t\t\t\t<\/div>\n\t\t\t\t<\/div>\n\t\t<div class=\"elementor-element elementor-element-d419a2f e-con-full e-flex e-con e-parent\" data-id=\"d419a2f\" data-element_type=\"container\" data-e-type=\"container\">\n\t\t<div class=\"elementor-element elementor-element-1e5f767 e-flex e-con-boxed e-con e-child\" data-id=\"1e5f767\" data-element_type=\"container\" data-e-type=\"container\" data-settings=\"{&quot;background_background&quot;:&quot;classic&quot;}\">\n\t\t\t\t\t<div class=\"e-con-inner\">\n\t\t<div class=\"elementor-element elementor-element-0ed3398 e-con-full e-flex e-con e-child\" data-id=\"0ed3398\" data-element_type=\"container\" data-e-type=\"container\">\n\t\t\t\t<div class=\"elementor-element elementor-element-3e5d7e5 elementor-widget__width-initial elementor-widget-laptop__width-inherit elementor-widget elementor-widget-heading\" data-id=\"3e5d7e5\" data-element_type=\"widget\" data-e-type=\"widget\" data-widget_type=\"heading.default\">\n\t\t\t\t<div class=\"elementor-widget-container\">\n\t\t\t\t\t<h3 class=\"elementor-heading-title elementor-size-default\">Contacta con nosotros ahora para una consulta sin compromiso.<\/h3>\t\t\t\t<\/div>\n\t\t\t\t<\/div>\n\t\t\t\t<\/div>\n\t\t<div class=\"elementor-element elementor-element-6917625 e-con-full e-flex e-con e-child\" data-id=\"6917625\" data-element_type=\"container\" data-e-type=\"container\">\n\t\t\t\t<div class=\"elementor-element elementor-element-c57afda elementor-align-right elementor-mobile-align-left elementor-widget elementor-widget-button\" data-id=\"c57afda\" data-element_type=\"widget\" data-e-type=\"widget\" data-widget_type=\"button.default\">\n\t\t\t\t<div class=\"elementor-widget-container\">\n\t\t\t\t\t\t\t\t\t<div class=\"elementor-button-wrapper\">\n\t\t\t\t\t<a class=\"elementor-button elementor-button-link elementor-size-sm\" href=\"https:\/\/swiftbalear.com\/contact\/\">\n\t\t\t\t\t\t<span class=\"elementor-button-content-wrapper\">\n\t\t\t\t\t\t\t\t\t<span class=\"elementor-button-text\">Contacto<\/span>\n\t\t\t\t\t<\/span>\n\t\t\t\t\t<\/a>\n\t\t\t\t<\/div>\n\t\t\t\t\t\t\t\t<\/div>\n\t\t\t\t<\/div>\n\t\t\t\t<\/div>\n\t\t\t\t\t<\/div>\n\t\t\t\t<\/div>\n\t\t\t\t<\/div>\n\t\t\t\t<\/div>\n\t\t","protected":false},"excerpt":{"rendered":"<p>Para propietarios \u00bfQuieres vender o alquilar tu casa o apartamento en las Islas Baleares? Como agente inmobiliario colegiado, te ofrecemos un servicio integral que no s\u00f3lo te ahorra tiempo y esfuerzo, sino que te garantiza los mejores resultados. Conocimiento profesional del mercado para una estrategia de precios \u00f3ptima Gracias a nuestros muchos a\u00f1os de experiencia [&hellip;]<\/p>\n","protected":false},"author":7,"featured_media":0,"parent":0,"menu_order":0,"comment_status":"closed","ping_status":"closed","template":"","meta":{"footnotes":""},"class_list":["post-6081","page","type-page","status-publish","hentry"],"yoast_head":"<!-- This site is optimized with the Yoast SEO plugin v27.5 - https:\/\/yoast.com\/product\/yoast-seo-wordpress\/ -->\n<title>Para propietarios - Swift Balear<\/title>\n<meta name=\"robots\" content=\"index, follow, max-snippet:-1, max-image-preview:large, max-video-preview:-1\" \/>\n<link rel=\"canonical\" href=\"https:\/\/swiftbalear.com\/es\/para-propietarios\/\" \/>\n<meta property=\"og:locale\" content=\"es_ES\" \/>\n<meta property=\"og:type\" content=\"article\" \/>\n<meta property=\"og:title\" content=\"Para propietarios - Swift Balear\" \/>\n<meta property=\"og:description\" content=\"Para propietarios \u00bfQuieres vender o alquilar tu casa o apartamento en las Islas Baleares? Como agente inmobiliario colegiado, te ofrecemos un servicio integral que no s\u00f3lo te ahorra tiempo y esfuerzo, sino que te garantiza los mejores resultados. Conocimiento profesional del mercado para una estrategia de precios \u00f3ptima Gracias a nuestros muchos a\u00f1os de experiencia [&hellip;]\" \/>\n<meta property=\"og:url\" content=\"https:\/\/swiftbalear.com\/es\/para-propietarios\/\" \/>\n<meta property=\"og:site_name\" content=\"Swift Balear\" \/>\n<meta property=\"article:modified_time\" content=\"2025-10-06T07:27:46+00:00\" \/>\n<meta property=\"og:image\" content=\"https:\/\/swiftbalear.com\/wp-content\/uploads\/2025\/04\/farid-askerov-fYNt79ya0vs-unsplash-scaled.jpg\" \/>\n\t<meta property=\"og:image:width\" content=\"2560\" \/>\n\t<meta property=\"og:image:height\" content=\"1920\" \/>\n\t<meta property=\"og:image:type\" content=\"image\/jpeg\" \/>\n<meta name=\"twitter:card\" content=\"summary_large_image\" \/>\n<script type=\"application\/ld+json\" class=\"yoast-schema-graph\">{\"@context\":\"https:\\\/\\\/schema.org\",\"@graph\":[{\"@type\":\"WebPage\",\"@id\":\"https:\\\/\\\/swiftbalear.com\\\/es\\\/para-propietarios\\\/\",\"url\":\"https:\\\/\\\/swiftbalear.com\\\/es\\\/para-propietarios\\\/\",\"name\":\"Para propietarios - Swift Balear\",\"isPartOf\":{\"@id\":\"https:\\\/\\\/swiftbalear.com\\\/es\\\/#website\"},\"primaryImageOfPage\":{\"@id\":\"https:\\\/\\\/swiftbalear.com\\\/es\\\/para-propietarios\\\/#primaryimage\"},\"image\":{\"@id\":\"https:\\\/\\\/swiftbalear.com\\\/es\\\/para-propietarios\\\/#primaryimage\"},\"thumbnailUrl\":\"https:\\\/\\\/swiftbalear.com\\\/wp-content\\\/uploads\\\/2025\\\/04\\\/farid-askerov-fYNt79ya0vs-unsplash-1024x768.jpg\",\"datePublished\":\"2025-02-05T13:24:22+00:00\",\"dateModified\":\"2025-10-06T07:27:46+00:00\",\"breadcrumb\":{\"@id\":\"https:\\\/\\\/swiftbalear.com\\\/es\\\/para-propietarios\\\/#breadcrumb\"},\"inLanguage\":\"es-ES\",\"potentialAction\":[{\"@type\":\"ReadAction\",\"target\":[\"https:\\\/\\\/swiftbalear.com\\\/es\\\/para-propietarios\\\/\"]}]},{\"@type\":\"ImageObject\",\"inLanguage\":\"es-ES\",\"@id\":\"https:\\\/\\\/swiftbalear.com\\\/es\\\/para-propietarios\\\/#primaryimage\",\"url\":\"https:\\\/\\\/swiftbalear.com\\\/wp-content\\\/uploads\\\/2025\\\/04\\\/farid-askerov-fYNt79ya0vs-unsplash-1024x768.jpg\",\"contentUrl\":\"https:\\\/\\\/swiftbalear.com\\\/wp-content\\\/uploads\\\/2025\\\/04\\\/farid-askerov-fYNt79ya0vs-unsplash-1024x768.jpg\"},{\"@type\":\"BreadcrumbList\",\"@id\":\"https:\\\/\\\/swiftbalear.com\\\/es\\\/para-propietarios\\\/#breadcrumb\",\"itemListElement\":[{\"@type\":\"ListItem\",\"position\":1,\"name\":\"Home\",\"item\":\"https:\\\/\\\/swiftbalear.com\\\/es\\\/hogar\\\/\"},{\"@type\":\"ListItem\",\"position\":2,\"name\":\"Para propietarios\"}]},{\"@type\":\"WebSite\",\"@id\":\"https:\\\/\\\/swiftbalear.com\\\/es\\\/#website\",\"url\":\"https:\\\/\\\/swiftbalear.com\\\/es\\\/\",\"name\":\"Swift Balear\",\"description\":\"Leben Sie den Traum der Balearen.\",\"publisher\":{\"@id\":\"https:\\\/\\\/swiftbalear.com\\\/es\\\/#organization\"},\"potentialAction\":[{\"@type\":\"SearchAction\",\"target\":{\"@type\":\"EntryPoint\",\"urlTemplate\":\"https:\\\/\\\/swiftbalear.com\\\/es\\\/?s={search_term_string}\"},\"query-input\":{\"@type\":\"PropertyValueSpecification\",\"valueRequired\":true,\"valueName\":\"search_term_string\"}}],\"inLanguage\":\"es-ES\"},{\"@type\":\"Organization\",\"@id\":\"https:\\\/\\\/swiftbalear.com\\\/es\\\/#organization\",\"name\":\"Swift Balear\",\"url\":\"https:\\\/\\\/swiftbalear.com\\\/es\\\/\",\"logo\":{\"@type\":\"ImageObject\",\"inLanguage\":\"es-ES\",\"@id\":\"https:\\\/\\\/swiftbalear.com\\\/es\\\/#\\\/schema\\\/logo\\\/image\\\/\",\"url\":\"https:\\\/\\\/swiftbalear.com\\\/wp-content\\\/uploads\\\/2024\\\/11\\\/logo.png\",\"contentUrl\":\"https:\\\/\\\/swiftbalear.com\\\/wp-content\\\/uploads\\\/2024\\\/11\\\/logo.png\",\"width\":1294,\"height\":780,\"caption\":\"Swift Balear\"},\"image\":{\"@id\":\"https:\\\/\\\/swiftbalear.com\\\/es\\\/#\\\/schema\\\/logo\\\/image\\\/\"}}]}<\/script>\n<!-- \/ Yoast SEO plugin. -->","yoast_head_json":{"title":"Para propietarios - Swift Balear","robots":{"index":"index","follow":"follow","max-snippet":"max-snippet:-1","max-image-preview":"max-image-preview:large","max-video-preview":"max-video-preview:-1"},"canonical":"https:\/\/swiftbalear.com\/es\/para-propietarios\/","og_locale":"es_ES","og_type":"article","og_title":"Para propietarios - Swift Balear","og_description":"Para propietarios \u00bfQuieres vender o alquilar tu casa o apartamento en las Islas Baleares? Como agente inmobiliario colegiado, te ofrecemos un servicio integral que no s\u00f3lo te ahorra tiempo y esfuerzo, sino que te garantiza los mejores resultados. Conocimiento profesional del mercado para una estrategia de precios \u00f3ptima Gracias a nuestros muchos a\u00f1os de experiencia [&hellip;]","og_url":"https:\/\/swiftbalear.com\/es\/para-propietarios\/","og_site_name":"Swift Balear","article_modified_time":"2025-10-06T07:27:46+00:00","og_image":[{"width":2560,"height":1920,"url":"https:\/\/swiftbalear.com\/wp-content\/uploads\/2025\/04\/farid-askerov-fYNt79ya0vs-unsplash-scaled.jpg","type":"image\/jpeg"}],"twitter_card":"summary_large_image","schema":{"@context":"https:\/\/schema.org","@graph":[{"@type":"WebPage","@id":"https:\/\/swiftbalear.com\/es\/para-propietarios\/","url":"https:\/\/swiftbalear.com\/es\/para-propietarios\/","name":"Para propietarios - Swift Balear","isPartOf":{"@id":"https:\/\/swiftbalear.com\/es\/#website"},"primaryImageOfPage":{"@id":"https:\/\/swiftbalear.com\/es\/para-propietarios\/#primaryimage"},"image":{"@id":"https:\/\/swiftbalear.com\/es\/para-propietarios\/#primaryimage"},"thumbnailUrl":"https:\/\/swiftbalear.com\/wp-content\/uploads\/2025\/04\/farid-askerov-fYNt79ya0vs-unsplash-1024x768.jpg","datePublished":"2025-02-05T13:24:22+00:00","dateModified":"2025-10-06T07:27:46+00:00","breadcrumb":{"@id":"https:\/\/swiftbalear.com\/es\/para-propietarios\/#breadcrumb"},"inLanguage":"es-ES","potentialAction":[{"@type":"ReadAction","target":["https:\/\/swiftbalear.com\/es\/para-propietarios\/"]}]},{"@type":"ImageObject","inLanguage":"es-ES","@id":"https:\/\/swiftbalear.com\/es\/para-propietarios\/#primaryimage","url":"https:\/\/swiftbalear.com\/wp-content\/uploads\/2025\/04\/farid-askerov-fYNt79ya0vs-unsplash-1024x768.jpg","contentUrl":"https:\/\/swiftbalear.com\/wp-content\/uploads\/2025\/04\/farid-askerov-fYNt79ya0vs-unsplash-1024x768.jpg"},{"@type":"BreadcrumbList","@id":"https:\/\/swiftbalear.com\/es\/para-propietarios\/#breadcrumb","itemListElement":[{"@type":"ListItem","position":1,"name":"Home","item":"https:\/\/swiftbalear.com\/es\/hogar\/"},{"@type":"ListItem","position":2,"name":"Para propietarios"}]},{"@type":"WebSite","@id":"https:\/\/swiftbalear.com\/es\/#website","url":"https:\/\/swiftbalear.com\/es\/","name":"Swift Balear","description":"Leben Sie den Traum der Balearen.","publisher":{"@id":"https:\/\/swiftbalear.com\/es\/#organization"},"potentialAction":[{"@type":"SearchAction","target":{"@type":"EntryPoint","urlTemplate":"https:\/\/swiftbalear.com\/es\/?s={search_term_string}"},"query-input":{"@type":"PropertyValueSpecification","valueRequired":true,"valueName":"search_term_string"}}],"inLanguage":"es-ES"},{"@type":"Organization","@id":"https:\/\/swiftbalear.com\/es\/#organization","name":"Swift Balear","url":"https:\/\/swiftbalear.com\/es\/","logo":{"@type":"ImageObject","inLanguage":"es-ES","@id":"https:\/\/swiftbalear.com\/es\/#\/schema\/logo\/image\/","url":"https:\/\/swiftbalear.com\/wp-content\/uploads\/2024\/11\/logo.png","contentUrl":"https:\/\/swiftbalear.com\/wp-content\/uploads\/2024\/11\/logo.png","width":1294,"height":780,"caption":"Swift Balear"},"image":{"@id":"https:\/\/swiftbalear.com\/es\/#\/schema\/logo\/image\/"}}]}},"_links":{"self":[{"href":"https:\/\/swiftbalear.com\/es\/wp-json\/wp\/v2\/pages\/6081","targetHints":{"allow":["GET"]}}],"collection":[{"href":"https:\/\/swiftbalear.com\/es\/wp-json\/wp\/v2\/pages"}],"about":[{"href":"https:\/\/swiftbalear.com\/es\/wp-json\/wp\/v2\/types\/page"}],"author":[{"embeddable":true,"href":"https:\/\/swiftbalear.com\/es\/wp-json\/wp\/v2\/users\/7"}],"replies":[{"embeddable":true,"href":"https:\/\/swiftbalear.com\/es\/wp-json\/wp\/v2\/comments?post=6081"}],"version-history":[{"count":3,"href":"https:\/\/swiftbalear.com\/es\/wp-json\/wp\/v2\/pages\/6081\/revisions"}],"predecessor-version":[{"id":6197,"href":"https:\/\/swiftbalear.com\/es\/wp-json\/wp\/v2\/pages\/6081\/revisions\/6197"}],"wp:attachment":[{"href":"https:\/\/swiftbalear.com\/es\/wp-json\/wp\/v2\/media?parent=6081"}],"curies":[{"name":"wp","href":"https:\/\/api.w.org\/{rel}","templated":true}]}}