{"id":6077,"date":"2024-11-28T11:28:56","date_gmt":"2024-11-28T11:28:56","guid":{"rendered":"https:\/\/swiftbalear.com\/contacto\/"},"modified":"2025-10-20T12:13:07","modified_gmt":"2025-10-20T12:13:07","slug":"contacto","status":"publish","type":"page","link":"https:\/\/swiftbalear.com\/es\/contacto\/","title":{"rendered":"Contacto"},"content":{"rendered":"\t\t<div data-elementor-type=\"wp-page\" data-elementor-id=\"6077\" class=\"elementor elementor-6077 elementor-4235\" data-elementor-post-type=\"page\">\n\t\t\t\t<div class=\"elementor-element elementor-element-50b0141 e-con-full e-flex e-con e-parent\" data-id=\"50b0141\" data-element_type=\"container\" data-e-type=\"container\">\n\t\t<div class=\"elementor-element elementor-element-68e01cd e-flex e-con-boxed e-con e-child\" data-id=\"68e01cd\" data-element_type=\"container\" data-e-type=\"container\" data-settings=\"{&quot;background_background&quot;:&quot;classic&quot;}\">\n\t\t\t\t\t<div class=\"e-con-inner\">\n\t\t\t\t<div class=\"elementor-element elementor-element-f043679 elementor-widget elementor-widget-heading\" data-id=\"f043679\" data-element_type=\"widget\" data-e-type=\"widget\" data-widget_type=\"heading.default\">\n\t\t\t\t<div class=\"elementor-widget-container\">\n\t\t\t\t\t<h2 class=\"elementor-heading-title elementor-size-default\">Contacto<\/h2>\t\t\t\t<\/div>\n\t\t\t\t<\/div>\n\t\t\t\t<div class=\"elementor-element elementor-element-9c01ca0 elementor-widget__width-initial elementor-widget-tablet__width-inherit elementor-widget elementor-widget-text-editor\" data-id=\"9c01ca0\" data-element_type=\"widget\" data-e-type=\"widget\" data-widget_type=\"text-editor.default\">\n\t\t\t\t<div class=\"elementor-widget-container\">\n\t\t\t\t\t\t\t\t\t<p>\u00a1Tu sue\u00f1o de una vivienda en Baleares est\u00e1 a tu alcance! Ya sea comprar, vender o simplemente una consulta inicial, estamos aqu\u00ed para ti. Ponte en contacto con nosotros, \u00a1estamos deseando conocerte en persona!    <\/p>\n\t\t\t\t\t\t\t\t<\/div>\n\t\t\t\t<\/div>\n\t\t\t\t\t<\/div>\n\t\t\t\t<\/div>\n\t\t\t\t<\/div>\n\t\t<div class=\"elementor-element elementor-element-4f0572e e-flex e-con-boxed e-con e-parent\" data-id=\"4f0572e\" data-element_type=\"container\" data-e-type=\"container\">\n\t\t\t\t\t<div class=\"e-con-inner\">\n\t\t<div class=\"elementor-element elementor-element-6b9e4d9 e-con-full e-flex e-con e-child\" data-id=\"6b9e4d9\" data-element_type=\"container\" data-e-type=\"container\">\n\t\t<div class=\"elementor-element elementor-element-aaf9709 e-con-full e-flex e-con e-child\" data-id=\"aaf9709\" data-element_type=\"container\" data-e-type=\"container\" data-settings=\"{&quot;background_background&quot;:&quot;classic&quot;}\">\n\t\t\t\t<div class=\"elementor-element elementor-element-32ed9be elementor-widget elementor-widget-image\" data-id=\"32ed9be\" data-element_type=\"widget\" data-e-type=\"widget\" data-widget_type=\"image.default\">\n\t\t\t\t<div class=\"elementor-widget-container\">\n\t\t\t\t\t\t\t\t\t\t\t\t\t\t\t<img fetchpriority=\"high\" decoding=\"async\" width=\"768\" height=\"1024\" src=\"https:\/\/swiftbalear.com\/wp-content\/uploads\/2025\/10\/Tina2-768x1024.jpeg\" class=\"attachment-large size-large wp-image-6436\" alt=\"\" srcset=\"https:\/\/swiftbalear.com\/wp-content\/uploads\/2025\/10\/Tina2-768x1024.jpeg 768w, https:\/\/swiftbalear.com\/wp-content\/uploads\/2025\/10\/Tina2-225x300.jpeg 225w, https:\/\/swiftbalear.com\/wp-content\/uploads\/2025\/10\/Tina2-1152x1536.jpeg 1152w, https:\/\/swiftbalear.com\/wp-content\/uploads\/2025\/10\/Tina2.jpeg 1200w\" sizes=\"(max-width: 768px) 100vw, 768px\" \/>\t\t\t\t\t\t\t\t\t\t\t\t\t\t\t<\/div>\n\t\t\t\t<\/div>\n\t\t<div class=\"elementor-element elementor-element-a9da5a6 e-con-full e-flex e-con e-child\" data-id=\"a9da5a6\" data-element_type=\"container\" data-e-type=\"container\">\n\t\t\t\t<div class=\"elementor-element elementor-element-760e61d elementor-widget elementor-widget-heading\" data-id=\"760e61d\" data-element_type=\"widget\" data-e-type=\"widget\" data-widget_type=\"heading.default\">\n\t\t\t\t<div class=\"elementor-widget-container\">\n\t\t\t\t\t<h3 class=\"elementor-heading-title elementor-size-default\">Kerstin Swift<\/h3>\t\t\t\t<\/div>\n\t\t\t\t<\/div>\n\t\t\t\t<div class=\"elementor-element elementor-element-dcf3cf4 elementor-align-center elementor-list-item-link-full_width elementor-widget elementor-widget-icon-list\" data-id=\"dcf3cf4\" data-element_type=\"widget\" data-e-type=\"widget\" data-widget_type=\"icon-list.default\">\n\t\t\t\t<div class=\"elementor-widget-container\">\n\t\t\t\t\t\t\t<ul class=\"elementor-icon-list-items\">\n\t\t\t\t\t\t\t<li class=\"elementor-icon-list-item\">\n\t\t\t\t\t\t\t\t\t\t\t<a href=\"tel:\u202a+34\u00a0637\u00a051\u00a032\u00a091\u202c\">\n\n\t\t\t\t\t\t\t\t\t\t\t<span class=\"elementor-icon-list-text\"><b>Oficina:<\/b> \u202a+34 971 103 870<\/span>\n\t\t\t\t\t\t\t\t\t\t\t<\/a>\n\t\t\t\t\t\t\t\t\t<\/li>\n\t\t\t\t\t\t\t\t<li class=\"elementor-icon-list-item\">\n\t\t\t\t\t\t\t\t\t\t<span class=\"elementor-icon-list-text\"><b>M\u00f3vil:<\/b> +34 617 745 288<\/span>\n\t\t\t\t\t\t\t\t\t<\/li>\n\t\t\t\t\t\t\t\t<li class=\"elementor-icon-list-item\">\n\t\t\t\t\t\t\t\t\t\t<span class=\"elementor-icon-list-text\"><b>Correo electr\u00f3nico:<\/b> info@swiftbalear.com<\/span>\n\t\t\t\t\t\t\t\t\t<\/li>\n\t\t\t\t\t\t<\/ul>\n\t\t\t\t\t\t<\/div>\n\t\t\t\t<\/div>\n\t\t\t\t<\/div>\n\t\t\t\t<div class=\"elementor-element elementor-element-5e67b18 elementor-widget elementor-widget-text-editor\" data-id=\"5e67b18\" data-element_type=\"widget\" data-e-type=\"widget\" data-widget_type=\"text-editor.default\">\n\t\t\t\t<div class=\"elementor-widget-container\">\n\t\t\t\t\t\t\t\t\t<p>Calle Heredero 14 D<br>07014 Palma de Mallorca<br>Islas Baleares<\/p>\t\t\t\t\t\t\t\t<\/div>\n\t\t\t\t<\/div>\n\t\t\t\t<div class=\"elementor-element elementor-element-f2a8ac2 elementor-align-center elementor-widget elementor-widget-button\" data-id=\"f2a8ac2\" data-element_type=\"widget\" data-e-type=\"widget\" data-widget_type=\"button.default\">\n\t\t\t\t<div class=\"elementor-widget-container\">\n\t\t\t\t\t\t\t\t\t<div class=\"elementor-button-wrapper\">\n\t\t\t\t\t<a class=\"elementor-button elementor-button-link elementor-size-sm\" href=\"https:\/\/wa.me\/34617745288\" target=\"_blank\">\n\t\t\t\t\t\t<span class=\"elementor-button-content-wrapper\">\n\t\t\t\t\t\t<span class=\"elementor-button-icon\">\n\t\t\t\t<i aria-hidden=\"true\" class=\"fab fa-whatsapp\"><\/i>\t\t\t<\/span>\n\t\t\t\t\t\t\t\t\t<span class=\"elementor-button-text\">WhatsApp<\/span>\n\t\t\t\t\t<\/span>\n\t\t\t\t\t<\/a>\n\t\t\t\t<\/div>\n\t\t\t\t\t\t\t\t<\/div>\n\t\t\t\t<\/div>\n\t\t\t\t<\/div>\n\t\t<div class=\"elementor-element elementor-element-0a83231 e-con-full e-flex e-con e-child\" data-id=\"0a83231\" data-element_type=\"container\" data-e-type=\"container\" data-settings=\"{&quot;background_background&quot;:&quot;classic&quot;}\">\n\t\t\t\t<div class=\"elementor-element elementor-element-842ce2f elementor-button-align-stretch elementor-widget elementor-widget-form\" data-id=\"842ce2f\" data-element_type=\"widget\" data-e-type=\"widget\" data-settings=\"{&quot;step_next_label&quot;:&quot;Siguiente&quot;,&quot;step_previous_label&quot;:&quot;Anterior&quot;,&quot;button_width&quot;:&quot;100&quot;,&quot;step_type&quot;:&quot;number_text&quot;,&quot;step_icon_shape&quot;:&quot;circle&quot;}\" data-widget_type=\"form.default\">\n\t\t\t\t<div class=\"elementor-widget-container\">\n\t\t\t\t\t\t\t<form class=\"elementor-form\" method=\"post\" name=\"Formulario de contacto\" aria-label=\"Formulario de contacto\">\n\t\t\t<input type=\"hidden\" name=\"post_id\" value=\"6077\"\/>\n\t\t\t<input type=\"hidden\" name=\"form_id\" value=\"842ce2f\"\/>\n\t\t\t<input type=\"hidden\" name=\"referer_title\" value=\"Contacto - Swift Balear\" \/>\n\n\t\t\t\t\t\t\t<input type=\"hidden\" name=\"queried_id\" value=\"6077\"\/>\n\t\t\t\n\t\t\t<div class=\"elementor-form-fields-wrapper elementor-labels-above\">\n\t\t\t\t\t\t\t\t<div class=\"elementor-field-type-text elementor-field-group elementor-column elementor-field-group-name elementor-col-100 elementor-field-required elementor-mark-required\">\n\t\t\t\t\t\t\t\t\t\t\t\t<label for=\"form-field-name\" class=\"elementor-field-label\">\n\t\t\t\t\t\t\t\tNombre\t\t\t\t\t\t\t<\/label>\n\t\t\t\t\t\t\t\t\t\t\t\t\t\t<input size=\"1\" type=\"text\" name=\"form_fields[name]\" id=\"form-field-name\" class=\"elementor-field elementor-size-sm  elementor-field-textual\" required=\"required\">\n\t\t\t\t\t\t\t\t\t\t\t<\/div>\n\t\t\t\t\t\t\t\t<div class=\"elementor-field-type-text elementor-field-group elementor-column elementor-field-group-plz elementor-col-100 elementor-field-required elementor-mark-required\">\n\t\t\t\t\t\t\t\t\t\t\t\t<label for=\"form-field-plz\" class=\"elementor-field-label\">\n\t\t\t\t\t\t\t\tC\u00f3digo postal\t\t\t\t\t\t\t<\/label>\n\t\t\t\t\t\t\t\t\t\t\t\t\t\t<input size=\"1\" type=\"text\" name=\"form_fields[plz]\" id=\"form-field-plz\" class=\"elementor-field elementor-size-sm  elementor-field-textual\" required=\"required\">\n\t\t\t\t\t\t\t\t\t\t\t<\/div>\n\t\t\t\t\t\t\t\t<div class=\"elementor-field-type-email elementor-field-group elementor-column elementor-field-group-email elementor-col-100 elementor-field-required elementor-mark-required\">\n\t\t\t\t\t\t\t\t\t\t\t\t<label for=\"form-field-email\" class=\"elementor-field-label\">\n\t\t\t\t\t\t\t\tCorreo electr\u00f3nico\t\t\t\t\t\t\t<\/label>\n\t\t\t\t\t\t\t\t\t\t\t\t\t\t<input size=\"1\" type=\"email\" name=\"form_fields[email]\" id=\"form-field-email\" class=\"elementor-field elementor-size-sm  elementor-field-textual\" required=\"required\">\n\t\t\t\t\t\t\t\t\t\t\t<\/div>\n\t\t\t\t\t\t\t\t<div class=\"elementor-field-type-tel elementor-field-group elementor-column elementor-field-group-telefon elementor-col-100 elementor-field-required elementor-mark-required\">\n\t\t\t\t\t\t\t\t\t\t\t\t<label for=\"form-field-telefon\" class=\"elementor-field-label\">\n\t\t\t\t\t\t\t\tTel\u00e9fono\t\t\t\t\t\t\t<\/label>\n\t\t\t\t\t\t\t\t<input size=\"1\" type=\"tel\" name=\"form_fields[telefon]\" id=\"form-field-telefon\" class=\"elementor-field elementor-size-sm  elementor-field-textual\" required=\"required\" pattern=\"[0-9()#&amp;+*-=.]+\" title=\"Only numbers and phone characters (#, -, *, etc) are accepted.\">\n\n\t\t\t\t\t\t<\/div>\n\t\t\t\t\t\t\t\t<div class=\"elementor-field-type-textarea elementor-field-group elementor-column elementor-field-group-message elementor-col-100 elementor-field-required elementor-mark-required\">\n\t\t\t\t\t\t\t\t\t\t\t\t<label for=\"form-field-message\" class=\"elementor-field-label\">\n\t\t\t\t\t\t\t\tNoticias\t\t\t\t\t\t\t<\/label>\n\t\t\t\t\t\t<textarea class=\"elementor-field-textual elementor-field  elementor-size-sm\" name=\"form_fields[message]\" id=\"form-field-message\" rows=\"4\" required=\"required\"><\/textarea>\t\t\t\t<\/div>\n\t\t\t\t\t\t\t\t<div class=\"elementor-field-group elementor-column elementor-field-type-submit elementor-col-100 e-form__buttons\">\n\t\t\t\t\t<button class=\"elementor-button elementor-size-sm\" type=\"submit\">\n\t\t\t\t\t\t<span class=\"elementor-button-content-wrapper\">\n\t\t\t\t\t\t\t\t\t\t\t\t\t\t\t\t\t\t\t\t\t\t<span class=\"elementor-button-text\">ENVIAR<\/span>\n\t\t\t\t\t\t\t\t\t\t\t\t\t<\/span>\n\t\t\t\t\t<\/button>\n\t\t\t\t<\/div>\n\t\t\t<\/div>\n\t\t<\/form>\n\t\t\t\t\t\t<\/div>\n\t\t\t\t<\/div>\n\t\t\t\t<\/div>\n\t\t\t\t<\/div>\n\t\t\t\t\t<\/div>\n\t\t\t\t<\/div>\n\t\t\t\t<\/div>\n\t\t","protected":false},"excerpt":{"rendered":"<p>Contacto \u00a1Tu sue\u00f1o de una vivienda en Baleares est\u00e1 a tu alcance! Ya sea comprar, vender o simplemente una consulta inicial, estamos aqu\u00ed para ti. Ponte en contacto con nosotros, \u00a1estamos deseando conocerte en persona! Kerstin Swift Oficina: \u202a+34 971 103 870 M\u00f3vil: +34 617 745 288 Correo electr\u00f3nico: info@swiftbalear.com Calle Heredero 14 D07014 Palma [&hellip;]<\/p>\n","protected":false},"author":7,"featured_media":0,"parent":0,"menu_order":0,"comment_status":"closed","ping_status":"closed","template":"","meta":{"footnotes":""},"class_list":["post-6077","page","type-page","status-publish","hentry"],"yoast_head":"<!-- This site is optimized with the Yoast SEO plugin v27.5 - https:\/\/yoast.com\/product\/yoast-seo-wordpress\/ -->\n<title>Contacto - Swift Balear<\/title>\n<meta name=\"robots\" content=\"index, follow, max-snippet:-1, max-image-preview:large, max-video-preview:-1\" \/>\n<link rel=\"canonical\" href=\"https:\/\/swiftbalear.com\/es\/contacto\/\" \/>\n<meta property=\"og:locale\" content=\"es_ES\" \/>\n<meta property=\"og:type\" content=\"article\" \/>\n<meta property=\"og:title\" content=\"Contacto - Swift Balear\" \/>\n<meta property=\"og:description\" content=\"Contacto \u00a1Tu sue\u00f1o de una vivienda en Baleares est\u00e1 a tu alcance! Ya sea comprar, vender o simplemente una consulta inicial, estamos aqu\u00ed para ti. Ponte en contacto con nosotros, \u00a1estamos deseando conocerte en persona! Kerstin Swift Oficina: \u202a+34 971 103 870 M\u00f3vil: +34 617 745 288 Correo electr\u00f3nico: info@swiftbalear.com Calle Heredero 14 D07014 Palma [&hellip;]\" \/>\n<meta property=\"og:url\" content=\"https:\/\/swiftbalear.com\/es\/contacto\/\" \/>\n<meta property=\"og:site_name\" content=\"Swift Balear\" \/>\n<meta property=\"article:modified_time\" content=\"2025-10-20T12:13:07+00:00\" \/>\n<meta property=\"og:image\" content=\"https:\/\/swiftbalear.com\/wp-content\/uploads\/2025\/10\/Tina_web.jpg\" \/>\n\t<meta property=\"og:image:width\" content=\"600\" \/>\n\t<meta property=\"og:image:height\" content=\"800\" \/>\n\t<meta property=\"og:image:type\" content=\"image\/jpeg\" \/>\n<meta name=\"twitter:card\" content=\"summary_large_image\" \/>\n<script type=\"application\/ld+json\" class=\"yoast-schema-graph\">{\"@context\":\"https:\\\/\\\/schema.org\",\"@graph\":[{\"@type\":\"WebPage\",\"@id\":\"https:\\\/\\\/swiftbalear.com\\\/es\\\/contacto\\\/\",\"url\":\"https:\\\/\\\/swiftbalear.com\\\/es\\\/contacto\\\/\",\"name\":\"Contacto - Swift Balear\",\"isPartOf\":{\"@id\":\"https:\\\/\\\/swiftbalear.com\\\/es\\\/#website\"},\"primaryImageOfPage\":{\"@id\":\"https:\\\/\\\/swiftbalear.com\\\/es\\\/contacto\\\/#primaryimage\"},\"image\":{\"@id\":\"https:\\\/\\\/swiftbalear.com\\\/es\\\/contacto\\\/#primaryimage\"},\"thumbnailUrl\":\"https:\\\/\\\/swiftbalear.com\\\/wp-content\\\/uploads\\\/2025\\\/10\\\/Tina_web.jpg\",\"datePublished\":\"2024-11-28T11:28:56+00:00\",\"dateModified\":\"2025-10-20T12:13:07+00:00\",\"breadcrumb\":{\"@id\":\"https:\\\/\\\/swiftbalear.com\\\/es\\\/contacto\\\/#breadcrumb\"},\"inLanguage\":\"es-ES\",\"potentialAction\":[{\"@type\":\"ReadAction\",\"target\":[\"https:\\\/\\\/swiftbalear.com\\\/es\\\/contacto\\\/\"]}]},{\"@type\":\"ImageObject\",\"inLanguage\":\"es-ES\",\"@id\":\"https:\\\/\\\/swiftbalear.com\\\/es\\\/contacto\\\/#primaryimage\",\"url\":\"https:\\\/\\\/swiftbalear.com\\\/wp-content\\\/uploads\\\/2025\\\/10\\\/Tina_web.jpg\",\"contentUrl\":\"https:\\\/\\\/swiftbalear.com\\\/wp-content\\\/uploads\\\/2025\\\/10\\\/Tina_web.jpg\"},{\"@type\":\"BreadcrumbList\",\"@id\":\"https:\\\/\\\/swiftbalear.com\\\/es\\\/contacto\\\/#breadcrumb\",\"itemListElement\":[{\"@type\":\"ListItem\",\"position\":1,\"name\":\"Home\",\"item\":\"https:\\\/\\\/swiftbalear.com\\\/es\\\/hogar\\\/\"},{\"@type\":\"ListItem\",\"position\":2,\"name\":\"Contacto\"}]},{\"@type\":\"WebSite\",\"@id\":\"https:\\\/\\\/swiftbalear.com\\\/es\\\/#website\",\"url\":\"https:\\\/\\\/swiftbalear.com\\\/es\\\/\",\"name\":\"Swift Balear\",\"description\":\"Leben Sie den Traum der Balearen.\",\"publisher\":{\"@id\":\"https:\\\/\\\/swiftbalear.com\\\/es\\\/#organization\"},\"potentialAction\":[{\"@type\":\"SearchAction\",\"target\":{\"@type\":\"EntryPoint\",\"urlTemplate\":\"https:\\\/\\\/swiftbalear.com\\\/es\\\/?s={search_term_string}\"},\"query-input\":{\"@type\":\"PropertyValueSpecification\",\"valueRequired\":true,\"valueName\":\"search_term_string\"}}],\"inLanguage\":\"es-ES\"},{\"@type\":\"Organization\",\"@id\":\"https:\\\/\\\/swiftbalear.com\\\/es\\\/#organization\",\"name\":\"Swift Balear\",\"url\":\"https:\\\/\\\/swiftbalear.com\\\/es\\\/\",\"logo\":{\"@type\":\"ImageObject\",\"inLanguage\":\"es-ES\",\"@id\":\"https:\\\/\\\/swiftbalear.com\\\/es\\\/#\\\/schema\\\/logo\\\/image\\\/\",\"url\":\"https:\\\/\\\/swiftbalear.com\\\/wp-content\\\/uploads\\\/2024\\\/11\\\/logo.png\",\"contentUrl\":\"https:\\\/\\\/swiftbalear.com\\\/wp-content\\\/uploads\\\/2024\\\/11\\\/logo.png\",\"width\":1294,\"height\":780,\"caption\":\"Swift Balear\"},\"image\":{\"@id\":\"https:\\\/\\\/swiftbalear.com\\\/es\\\/#\\\/schema\\\/logo\\\/image\\\/\"}}]}<\/script>\n<!-- \/ Yoast SEO plugin. -->","yoast_head_json":{"title":"Contacto - Swift Balear","robots":{"index":"index","follow":"follow","max-snippet":"max-snippet:-1","max-image-preview":"max-image-preview:large","max-video-preview":"max-video-preview:-1"},"canonical":"https:\/\/swiftbalear.com\/es\/contacto\/","og_locale":"es_ES","og_type":"article","og_title":"Contacto - Swift Balear","og_description":"Contacto \u00a1Tu sue\u00f1o de una vivienda en Baleares est\u00e1 a tu alcance! Ya sea comprar, vender o simplemente una consulta inicial, estamos aqu\u00ed para ti. Ponte en contacto con nosotros, \u00a1estamos deseando conocerte en persona! Kerstin Swift Oficina: \u202a+34 971 103 870 M\u00f3vil: +34 617 745 288 Correo electr\u00f3nico: info@swiftbalear.com Calle Heredero 14 D07014 Palma [&hellip;]","og_url":"https:\/\/swiftbalear.com\/es\/contacto\/","og_site_name":"Swift Balear","article_modified_time":"2025-10-20T12:13:07+00:00","og_image":[{"width":600,"height":800,"url":"https:\/\/swiftbalear.com\/wp-content\/uploads\/2025\/10\/Tina_web.jpg","type":"image\/jpeg"}],"twitter_card":"summary_large_image","schema":{"@context":"https:\/\/schema.org","@graph":[{"@type":"WebPage","@id":"https:\/\/swiftbalear.com\/es\/contacto\/","url":"https:\/\/swiftbalear.com\/es\/contacto\/","name":"Contacto - Swift Balear","isPartOf":{"@id":"https:\/\/swiftbalear.com\/es\/#website"},"primaryImageOfPage":{"@id":"https:\/\/swiftbalear.com\/es\/contacto\/#primaryimage"},"image":{"@id":"https:\/\/swiftbalear.com\/es\/contacto\/#primaryimage"},"thumbnailUrl":"https:\/\/swiftbalear.com\/wp-content\/uploads\/2025\/10\/Tina_web.jpg","datePublished":"2024-11-28T11:28:56+00:00","dateModified":"2025-10-20T12:13:07+00:00","breadcrumb":{"@id":"https:\/\/swiftbalear.com\/es\/contacto\/#breadcrumb"},"inLanguage":"es-ES","potentialAction":[{"@type":"ReadAction","target":["https:\/\/swiftbalear.com\/es\/contacto\/"]}]},{"@type":"ImageObject","inLanguage":"es-ES","@id":"https:\/\/swiftbalear.com\/es\/contacto\/#primaryimage","url":"https:\/\/swiftbalear.com\/wp-content\/uploads\/2025\/10\/Tina_web.jpg","contentUrl":"https:\/\/swiftbalear.com\/wp-content\/uploads\/2025\/10\/Tina_web.jpg"},{"@type":"BreadcrumbList","@id":"https:\/\/swiftbalear.com\/es\/contacto\/#breadcrumb","itemListElement":[{"@type":"ListItem","position":1,"name":"Home","item":"https:\/\/swiftbalear.com\/es\/hogar\/"},{"@type":"ListItem","position":2,"name":"Contacto"}]},{"@type":"WebSite","@id":"https:\/\/swiftbalear.com\/es\/#website","url":"https:\/\/swiftbalear.com\/es\/","name":"Swift Balear","description":"Leben Sie den Traum der Balearen.","publisher":{"@id":"https:\/\/swiftbalear.com\/es\/#organization"},"potentialAction":[{"@type":"SearchAction","target":{"@type":"EntryPoint","urlTemplate":"https:\/\/swiftbalear.com\/es\/?s={search_term_string}"},"query-input":{"@type":"PropertyValueSpecification","valueRequired":true,"valueName":"search_term_string"}}],"inLanguage":"es-ES"},{"@type":"Organization","@id":"https:\/\/swiftbalear.com\/es\/#organization","name":"Swift Balear","url":"https:\/\/swiftbalear.com\/es\/","logo":{"@type":"ImageObject","inLanguage":"es-ES","@id":"https:\/\/swiftbalear.com\/es\/#\/schema\/logo\/image\/","url":"https:\/\/swiftbalear.com\/wp-content\/uploads\/2024\/11\/logo.png","contentUrl":"https:\/\/swiftbalear.com\/wp-content\/uploads\/2024\/11\/logo.png","width":1294,"height":780,"caption":"Swift Balear"},"image":{"@id":"https:\/\/swiftbalear.com\/es\/#\/schema\/logo\/image\/"}}]}},"_links":{"self":[{"href":"https:\/\/swiftbalear.com\/es\/wp-json\/wp\/v2\/pages\/6077","targetHints":{"allow":["GET"]}}],"collection":[{"href":"https:\/\/swiftbalear.com\/es\/wp-json\/wp\/v2\/pages"}],"about":[{"href":"https:\/\/swiftbalear.com\/es\/wp-json\/wp\/v2\/types\/page"}],"author":[{"embeddable":true,"href":"https:\/\/swiftbalear.com\/es\/wp-json\/wp\/v2\/users\/7"}],"replies":[{"embeddable":true,"href":"https:\/\/swiftbalear.com\/es\/wp-json\/wp\/v2\/comments?post=6077"}],"version-history":[{"count":10,"href":"https:\/\/swiftbalear.com\/es\/wp-json\/wp\/v2\/pages\/6077\/revisions"}],"predecessor-version":[{"id":6640,"href":"https:\/\/swiftbalear.com\/es\/wp-json\/wp\/v2\/pages\/6077\/revisions\/6640"}],"wp:attachment":[{"href":"https:\/\/swiftbalear.com\/es\/wp-json\/wp\/v2\/media?parent=6077"}],"curies":[{"name":"wp","href":"https:\/\/api.w.org\/{rel}","templated":true}]}}