{"id":5304,"date":"2025-09-22T10:57:16","date_gmt":"2025-09-22T10:57:16","guid":{"rendered":"https:\/\/swiftbalear.com\/politica-de-cookies\/"},"modified":"2025-10-09T13:30:41","modified_gmt":"2025-10-09T13:30:41","slug":"politica-de-cookies","status":"publish","type":"page","link":"https:\/\/swiftbalear.com\/es\/politica-de-cookies\/","title":{"rendered":"Pol\u00edtica de cookies"},"content":{"rendered":"\t\t<div data-elementor-type=\"wp-page\" data-elementor-id=\"5304\" class=\"elementor elementor-5304 elementor-5296\" data-elementor-post-type=\"page\">\n\t\t\t\t<div class=\"elementor-element elementor-element-41bcf1b e-con-full e-flex e-con e-parent\" data-id=\"41bcf1b\" data-element_type=\"container\" data-e-type=\"container\">\n\t\t<div class=\"elementor-element elementor-element-330135f e-con-full e-flex e-con e-child\" data-id=\"330135f\" data-element_type=\"container\" data-e-type=\"container\" data-settings=\"{&quot;background_background&quot;:&quot;classic&quot;}\">\n\t\t\t\t<div class=\"elementor-element elementor-element-dbe48f5 elementor-widget elementor-widget-heading\" data-id=\"dbe48f5\" data-element_type=\"widget\" data-e-type=\"widget\" data-widget_type=\"heading.default\">\n\t\t\t\t<div class=\"elementor-widget-container\">\n\t\t\t\t\t<h1 class=\"elementor-heading-title elementor-size-default\">Pol\u00edtica de cookies<\/h1>\t\t\t\t<\/div>\n\t\t\t\t<\/div>\n\t\t\t\t<\/div>\n\t\t\t\t<\/div>\n\t\t<div class=\"elementor-element elementor-element-aca5b82 e-flex e-con-boxed e-con e-parent\" data-id=\"aca5b82\" data-element_type=\"container\" data-e-type=\"container\">\n\t\t\t\t\t<div class=\"e-con-inner\">\n\t\t\t\t<div class=\"elementor-element elementor-element-86d0c33 elementor-widget elementor-widget-heading\" data-id=\"86d0c33\" data-element_type=\"widget\" data-e-type=\"widget\" data-widget_type=\"heading.default\">\n\t\t\t\t<div class=\"elementor-widget-container\">\n\t\t\t\t\t<h4 class=\"elementor-heading-title elementor-size-default\">Qu\u00e9 son las cookies?<\/h4>\t\t\t\t<\/div>\n\t\t\t\t<\/div>\n\t\t\t\t<div class=\"elementor-element elementor-element-4022bfb elementor-widget elementor-widget-text-editor\" data-id=\"4022bfb\" data-element_type=\"widget\" data-e-type=\"widget\" data-widget_type=\"text-editor.default\">\n\t\t\t\t<div class=\"elementor-widget-container\">\n\t\t\t\t\t\t\t\t\t<p>Una cookie es un peque\u00f1o archivo de texto que se almacena en el navegador del usuario cuando visita una p\u00e1gina web. Sirven para recordar informaci\u00f3n sobre la navegaci\u00f3n y mejorar la experiencia del usuario. <\/p>\t\t\t\t\t\t\t\t<\/div>\n\t\t\t\t<\/div>\n\t\t\t\t<div class=\"elementor-element elementor-element-907be6c elementor-widget elementor-widget-heading\" data-id=\"907be6c\" data-element_type=\"widget\" data-e-type=\"widget\" data-widget_type=\"heading.default\">\n\t\t\t\t<div class=\"elementor-widget-container\">\n\t\t\t\t\t<h4 class=\"elementor-heading-title elementor-size-default\">Tipos de cookies que utilizamos<\/h4>\t\t\t\t<\/div>\n\t\t\t\t<\/div>\n\t\t\t\t<div class=\"elementor-element elementor-element-bf4f7db elementor-widget elementor-widget-text-editor\" data-id=\"bf4f7db\" data-element_type=\"widget\" data-e-type=\"widget\" data-widget_type=\"text-editor.default\">\n\t\t\t\t<div class=\"elementor-widget-container\">\n\t\t\t\t\t\t\t\t\t<p><strong>Seg\u00fan la entidad que las gestiona:<\/strong><\/p>\n<ul>\n<li><strong>Cookies propias: <\/strong>gestionadas por nuestro dominio.<\/li>\n<li><strong>Cookies de terceros<\/strong>: gestionadas por servicios externos (por ejemplo, Google Analytics, redes sociales, etc.).<\/li>\n<\/ul>\t\t\t\t\t\t\t\t<\/div>\n\t\t\t\t<\/div>\n\t\t\t\t<div class=\"elementor-element elementor-element-0224542 elementor-widget elementor-widget-text-editor\" data-id=\"0224542\" data-element_type=\"widget\" data-e-type=\"widget\" data-widget_type=\"text-editor.default\">\n\t\t\t\t<div class=\"elementor-widget-container\">\n\t\t\t\t\t\t\t\t\t<p><strong>Seg\u00fan su finalidad:<\/strong><\/p>\n<ul>\n<li><strong>Cookies t\u00e9cnicas<\/strong>: necesarias para el funcionamiento del sitio.<\/li>\n<li><strong>Cookies de an\u00e1lisis: <\/strong>permiten analizar el comportamiento de los usuarios (por ejemplo, medir visitas, p\u00e1ginas m\u00e1s vistas, etc.).<\/li>\n<li><strong>Cookies publicitarias:<\/strong> permiten mostrar publicidad personalizada (solo si las usas).<\/li>\n<\/ul>\t\t\t\t\t\t\t\t<\/div>\n\t\t\t\t<\/div>\n\t\t\t\t<div class=\"elementor-element elementor-element-f2190f8 elementor-widget elementor-widget-heading\" data-id=\"f2190f8\" data-element_type=\"widget\" data-e-type=\"widget\" data-widget_type=\"heading.default\">\n\t\t\t\t<div class=\"elementor-widget-container\">\n\t\t\t\t\t<h4 class=\"elementor-heading-title elementor-size-default\">C\u00f3mo puede el usuario gestionar las cookies?<\/h4>\t\t\t\t<\/div>\n\t\t\t\t<\/div>\n\t\t\t\t<div class=\"elementor-element elementor-element-bd27975 elementor-widget elementor-widget-text-editor\" data-id=\"bd27975\" data-element_type=\"widget\" data-e-type=\"widget\" data-widget_type=\"text-editor.default\">\n\t\t\t\t<div class=\"elementor-widget-container\">\n\t\t\t\t\t\t\t\t\t<p>Cuando visita nuestro sitio web por primera vez, aparece un <strong>banner de cookies<\/strong> que le permite:<\/p>\n<ul>\n<li>Aceptar todas las cookies,<\/li>\n<li>Seleccione categor\u00edas espec\u00edficas o<\/li>\n<li>Puedes rechazar las cookies.<\/li>\n<\/ul>\t\t\t\t\t\t\t\t<\/div>\n\t\t\t\t<\/div>\n\t\t\t\t<div class=\"elementor-element elementor-element-a7dc852 elementor-widget elementor-widget-text-editor\" data-id=\"a7dc852\" data-element_type=\"widget\" data-e-type=\"widget\" data-widget_type=\"text-editor.default\">\n\t\t\t\t<div class=\"elementor-widget-container\">\n\t\t\t\t\t\t\t\t\t<p>Adem\u00e1s, puede modificar o eliminar las cookies desde la configuraci\u00f3n de su navegador:<\/p><ul><li>Chrome: https:\/\/support.google.com\/chrome\/answer\/95647<\/li><li>Firefox: https:\/\/support.mozilla.org\/de\/kb\/cookies-loeschen-daten-von-websites-entfernen<\/li><li>Safari: https:\/\/support.apple.com\/de-de\/HT201265<\/li><li>Edge: https:\/\/support.microsoft.com\/de-de\/help\/4027947#<\/li><\/ul><p> <\/p><span class=\"borlabs-cookie-open-dialog-preferences brlbs-cmpnt-container\" data-borlabs-cookie-title=\"Configuraci\u00f3n de cookies\" data-borlabs-cookie-type=\"button\" ><\/span>\t\t\t\t\t\t\t\t<\/div>\n\t\t\t\t<\/div>\n\t\t\t\t<div class=\"elementor-element elementor-element-b11fc76 elementor-widget elementor-widget-heading\" data-id=\"b11fc76\" data-element_type=\"widget\" data-e-type=\"widget\" data-widget_type=\"heading.default\">\n\t\t\t\t<div class=\"elementor-widget-container\">\n\t\t\t\t\t<h4 class=\"elementor-heading-title elementor-size-default\">Cambios en la Pol\u00edtica de Cookies<\/h4>\t\t\t\t<\/div>\n\t\t\t\t<\/div>\n\t\t\t\t<div class=\"elementor-element elementor-element-c3daa4f elementor-widget elementor-widget-text-editor\" data-id=\"c3daa4f\" data-element_type=\"widget\" data-e-type=\"widget\" data-widget_type=\"text-editor.default\">\n\t\t\t\t<div class=\"elementor-widget-container\">\n\t\t\t\t\t\t\t\t\t<p>Nos reservamos el derecho de modificar esta pol\u00edtica para adaptarla a novedades legislativas o t\u00e9cnicas.<\/p>\t\t\t\t\t\t\t\t<\/div>\n\t\t\t\t<\/div>\n\t\t\t\t\t<\/div>\n\t\t\t\t<\/div>\n\t\t\t\t<\/div>\n\t\t","protected":false},"excerpt":{"rendered":"<p>Pol\u00edtica de cookies Qu\u00e9 son las cookies? Una cookie es un peque\u00f1o archivo de texto que se almacena en el navegador del usuario cuando visita una p\u00e1gina web. Sirven para recordar informaci\u00f3n sobre la navegaci\u00f3n y mejorar la experiencia del usuario. Tipos de cookies que utilizamos Seg\u00fan la entidad que las gestiona: Cookies propias: gestionadas [&hellip;]<\/p>\n","protected":false},"author":7,"featured_media":0,"parent":0,"menu_order":0,"comment_status":"closed","ping_status":"closed","template":"","meta":{"footnotes":""},"class_list":["post-5304","page","type-page","status-publish","hentry"],"yoast_head":"<!-- This site is optimized with the Yoast SEO plugin v27.5 - https:\/\/yoast.com\/product\/yoast-seo-wordpress\/ -->\n<title>Pol\u00edtica de cookies - Swift Balear<\/title>\n<meta name=\"robots\" content=\"index, follow, max-snippet:-1, max-image-preview:large, max-video-preview:-1\" \/>\n<link rel=\"canonical\" href=\"https:\/\/swiftbalear.com\/es\/politica-de-cookies\/\" \/>\n<meta property=\"og:locale\" content=\"es_ES\" \/>\n<meta property=\"og:type\" content=\"article\" \/>\n<meta property=\"og:title\" content=\"Pol\u00edtica de cookies - Swift Balear\" \/>\n<meta property=\"og:description\" content=\"Pol\u00edtica de cookies Qu\u00e9 son las cookies? Una cookie es un peque\u00f1o archivo de texto que se almacena en el navegador del usuario cuando visita una p\u00e1gina web. Sirven para recordar informaci\u00f3n sobre la navegaci\u00f3n y mejorar la experiencia del usuario. Tipos de cookies que utilizamos Seg\u00fan la entidad que las gestiona: Cookies propias: gestionadas [&hellip;]\" \/>\n<meta property=\"og:url\" content=\"https:\/\/swiftbalear.com\/es\/politica-de-cookies\/\" \/>\n<meta property=\"og:site_name\" content=\"Swift Balear\" \/>\n<meta property=\"article:modified_time\" content=\"2025-10-09T13:30:41+00:00\" \/>\n<meta property=\"og:image\" content=\"https:\/\/swiftbalear.com\/wp-content\/uploads\/2025\/10\/SwiftBalear_FB.jpg\" \/>\n\t<meta property=\"og:image:width\" content=\"1200\" \/>\n\t<meta property=\"og:image:height\" content=\"675\" \/>\n\t<meta property=\"og:image:type\" content=\"image\/jpeg\" \/>\n<meta name=\"twitter:card\" content=\"summary_large_image\" \/>\n<script type=\"application\/ld+json\" class=\"yoast-schema-graph\">{\"@context\":\"https:\\\/\\\/schema.org\",\"@graph\":[{\"@type\":\"WebPage\",\"@id\":\"https:\\\/\\\/swiftbalear.com\\\/es\\\/politica-de-cookies\\\/\",\"url\":\"https:\\\/\\\/swiftbalear.com\\\/es\\\/politica-de-cookies\\\/\",\"name\":\"Pol\u00edtica de cookies - Swift Balear\",\"isPartOf\":{\"@id\":\"https:\\\/\\\/swiftbalear.com\\\/es\\\/#website\"},\"datePublished\":\"2025-09-22T10:57:16+00:00\",\"dateModified\":\"2025-10-09T13:30:41+00:00\",\"breadcrumb\":{\"@id\":\"https:\\\/\\\/swiftbalear.com\\\/es\\\/politica-de-cookies\\\/#breadcrumb\"},\"inLanguage\":\"es-ES\",\"potentialAction\":[{\"@type\":\"ReadAction\",\"target\":[\"https:\\\/\\\/swiftbalear.com\\\/es\\\/politica-de-cookies\\\/\"]}]},{\"@type\":\"BreadcrumbList\",\"@id\":\"https:\\\/\\\/swiftbalear.com\\\/es\\\/politica-de-cookies\\\/#breadcrumb\",\"itemListElement\":[{\"@type\":\"ListItem\",\"position\":1,\"name\":\"Home\",\"item\":\"https:\\\/\\\/swiftbalear.com\\\/es\\\/hogar\\\/\"},{\"@type\":\"ListItem\",\"position\":2,\"name\":\"Pol\u00edtica de cookies\"}]},{\"@type\":\"WebSite\",\"@id\":\"https:\\\/\\\/swiftbalear.com\\\/es\\\/#website\",\"url\":\"https:\\\/\\\/swiftbalear.com\\\/es\\\/\",\"name\":\"Swift Balear\",\"description\":\"Leben Sie den Traum der Balearen.\",\"publisher\":{\"@id\":\"https:\\\/\\\/swiftbalear.com\\\/es\\\/#organization\"},\"potentialAction\":[{\"@type\":\"SearchAction\",\"target\":{\"@type\":\"EntryPoint\",\"urlTemplate\":\"https:\\\/\\\/swiftbalear.com\\\/es\\\/?s={search_term_string}\"},\"query-input\":{\"@type\":\"PropertyValueSpecification\",\"valueRequired\":true,\"valueName\":\"search_term_string\"}}],\"inLanguage\":\"es-ES\"},{\"@type\":\"Organization\",\"@id\":\"https:\\\/\\\/swiftbalear.com\\\/es\\\/#organization\",\"name\":\"Swift Balear\",\"url\":\"https:\\\/\\\/swiftbalear.com\\\/es\\\/\",\"logo\":{\"@type\":\"ImageObject\",\"inLanguage\":\"es-ES\",\"@id\":\"https:\\\/\\\/swiftbalear.com\\\/es\\\/#\\\/schema\\\/logo\\\/image\\\/\",\"url\":\"https:\\\/\\\/swiftbalear.com\\\/wp-content\\\/uploads\\\/2024\\\/11\\\/logo.png\",\"contentUrl\":\"https:\\\/\\\/swiftbalear.com\\\/wp-content\\\/uploads\\\/2024\\\/11\\\/logo.png\",\"width\":1294,\"height\":780,\"caption\":\"Swift Balear\"},\"image\":{\"@id\":\"https:\\\/\\\/swiftbalear.com\\\/es\\\/#\\\/schema\\\/logo\\\/image\\\/\"}}]}<\/script>\n<!-- \/ Yoast SEO plugin. -->","yoast_head_json":{"title":"Pol\u00edtica de cookies - Swift Balear","robots":{"index":"index","follow":"follow","max-snippet":"max-snippet:-1","max-image-preview":"max-image-preview:large","max-video-preview":"max-video-preview:-1"},"canonical":"https:\/\/swiftbalear.com\/es\/politica-de-cookies\/","og_locale":"es_ES","og_type":"article","og_title":"Pol\u00edtica de cookies - Swift Balear","og_description":"Pol\u00edtica de cookies Qu\u00e9 son las cookies? Una cookie es un peque\u00f1o archivo de texto que se almacena en el navegador del usuario cuando visita una p\u00e1gina web. Sirven para recordar informaci\u00f3n sobre la navegaci\u00f3n y mejorar la experiencia del usuario. Tipos de cookies que utilizamos Seg\u00fan la entidad que las gestiona: Cookies propias: gestionadas [&hellip;]","og_url":"https:\/\/swiftbalear.com\/es\/politica-de-cookies\/","og_site_name":"Swift Balear","article_modified_time":"2025-10-09T13:30:41+00:00","og_image":[{"width":1200,"height":675,"url":"https:\/\/swiftbalear.com\/wp-content\/uploads\/2025\/10\/SwiftBalear_FB.jpg","type":"image\/jpeg"}],"twitter_card":"summary_large_image","schema":{"@context":"https:\/\/schema.org","@graph":[{"@type":"WebPage","@id":"https:\/\/swiftbalear.com\/es\/politica-de-cookies\/","url":"https:\/\/swiftbalear.com\/es\/politica-de-cookies\/","name":"Pol\u00edtica de cookies - Swift Balear","isPartOf":{"@id":"https:\/\/swiftbalear.com\/es\/#website"},"datePublished":"2025-09-22T10:57:16+00:00","dateModified":"2025-10-09T13:30:41+00:00","breadcrumb":{"@id":"https:\/\/swiftbalear.com\/es\/politica-de-cookies\/#breadcrumb"},"inLanguage":"es-ES","potentialAction":[{"@type":"ReadAction","target":["https:\/\/swiftbalear.com\/es\/politica-de-cookies\/"]}]},{"@type":"BreadcrumbList","@id":"https:\/\/swiftbalear.com\/es\/politica-de-cookies\/#breadcrumb","itemListElement":[{"@type":"ListItem","position":1,"name":"Home","item":"https:\/\/swiftbalear.com\/es\/hogar\/"},{"@type":"ListItem","position":2,"name":"Pol\u00edtica de cookies"}]},{"@type":"WebSite","@id":"https:\/\/swiftbalear.com\/es\/#website","url":"https:\/\/swiftbalear.com\/es\/","name":"Swift Balear","description":"Leben Sie den Traum der Balearen.","publisher":{"@id":"https:\/\/swiftbalear.com\/es\/#organization"},"potentialAction":[{"@type":"SearchAction","target":{"@type":"EntryPoint","urlTemplate":"https:\/\/swiftbalear.com\/es\/?s={search_term_string}"},"query-input":{"@type":"PropertyValueSpecification","valueRequired":true,"valueName":"search_term_string"}}],"inLanguage":"es-ES"},{"@type":"Organization","@id":"https:\/\/swiftbalear.com\/es\/#organization","name":"Swift Balear","url":"https:\/\/swiftbalear.com\/es\/","logo":{"@type":"ImageObject","inLanguage":"es-ES","@id":"https:\/\/swiftbalear.com\/es\/#\/schema\/logo\/image\/","url":"https:\/\/swiftbalear.com\/wp-content\/uploads\/2024\/11\/logo.png","contentUrl":"https:\/\/swiftbalear.com\/wp-content\/uploads\/2024\/11\/logo.png","width":1294,"height":780,"caption":"Swift Balear"},"image":{"@id":"https:\/\/swiftbalear.com\/es\/#\/schema\/logo\/image\/"}}]}},"_links":{"self":[{"href":"https:\/\/swiftbalear.com\/es\/wp-json\/wp\/v2\/pages\/5304","targetHints":{"allow":["GET"]}}],"collection":[{"href":"https:\/\/swiftbalear.com\/es\/wp-json\/wp\/v2\/pages"}],"about":[{"href":"https:\/\/swiftbalear.com\/es\/wp-json\/wp\/v2\/types\/page"}],"author":[{"embeddable":true,"href":"https:\/\/swiftbalear.com\/es\/wp-json\/wp\/v2\/users\/7"}],"replies":[{"embeddable":true,"href":"https:\/\/swiftbalear.com\/es\/wp-json\/wp\/v2\/comments?post=5304"}],"version-history":[{"count":4,"href":"https:\/\/swiftbalear.com\/es\/wp-json\/wp\/v2\/pages\/5304\/revisions"}],"predecessor-version":[{"id":6394,"href":"https:\/\/swiftbalear.com\/es\/wp-json\/wp\/v2\/pages\/5304\/revisions\/6394"}],"wp:attachment":[{"href":"https:\/\/swiftbalear.com\/es\/wp-json\/wp\/v2\/media?parent=5304"}],"curies":[{"name":"wp","href":"https:\/\/api.w.org\/{rel}","templated":true}]}}