{"id":5276,"date":"2025-04-29T11:15:20","date_gmt":"2025-04-29T11:15:20","guid":{"rendered":"https:\/\/swiftbalear.com\/pie-de-imprenta\/"},"modified":"2025-10-13T15:45:25","modified_gmt":"2025-10-13T15:45:25","slug":"pie-de-imprenta","status":"publish","type":"page","link":"https:\/\/swiftbalear.com\/es\/pie-de-imprenta\/","title":{"rendered":"Aviso legal"},"content":{"rendered":"\t\t<div data-elementor-type=\"wp-page\" data-elementor-id=\"5276\" class=\"elementor elementor-5276 elementor-4459\" data-elementor-post-type=\"page\">\n\t\t\t\t<div class=\"elementor-element elementor-element-41bcf1b e-con-full e-flex e-con e-parent\" data-id=\"41bcf1b\" data-element_type=\"container\" data-e-type=\"container\">\n\t\t<div class=\"elementor-element elementor-element-330135f e-con-full e-flex e-con e-child\" data-id=\"330135f\" data-element_type=\"container\" data-e-type=\"container\" data-settings=\"{&quot;background_background&quot;:&quot;classic&quot;}\">\n\t\t\t\t<div class=\"elementor-element elementor-element-dbe48f5 elementor-widget elementor-widget-heading\" data-id=\"dbe48f5\" data-element_type=\"widget\" data-e-type=\"widget\" data-widget_type=\"heading.default\">\n\t\t\t\t<div class=\"elementor-widget-container\">\n\t\t\t\t\t<h1 class=\"elementor-heading-title elementor-size-default\">Aviso legal<\/h1>\t\t\t\t<\/div>\n\t\t\t\t<\/div>\n\t\t\t\t<div class=\"elementor-element elementor-element-cdd1624 elementor-widget__width-initial elementor-widget-tablet__width-inherit elementor-widget elementor-widget-text-editor\" data-id=\"cdd1624\" data-element_type=\"widget\" data-e-type=\"widget\" data-widget_type=\"text-editor.default\">\n\t\t\t\t<div class=\"elementor-widget-container\">\n\t\t\t\t\t\t\t\t\t<p>En esta p\u00e1gina encontrar\u00e1 toda la informaci\u00f3n importante sobre nuestro sitio web, desde datos de contacto hasta informaci\u00f3n legal. La transparencia es fundamental para nosotros, incluso m\u00e1s all\u00e1 de las propiedades de ensue\u00f1o.  <\/p>\n\t\t\t\t\t\t\t\t<\/div>\n\t\t\t\t<\/div>\n\t\t\t\t<\/div>\n\t\t\t\t<\/div>\n\t\t<div class=\"elementor-element elementor-element-aca5b82 e-flex e-con-boxed e-con e-parent\" data-id=\"aca5b82\" data-element_type=\"container\" data-e-type=\"container\">\n\t\t\t\t\t<div class=\"e-con-inner\">\n\t\t\t\t<div class=\"elementor-element elementor-element-7a1a0f4 elementor-widget elementor-widget-text-editor\" data-id=\"7a1a0f4\" data-element_type=\"widget\" data-e-type=\"widget\" data-widget_type=\"text-editor.default\">\n\t\t\t\t<div class=\"elementor-widget-container\">\n\t\t\t\t\t\t\t\t\t<p>En cumplimiento con lo establecido en la Ley 34\/2002, de 11 de julio, de Servicios de la Sociedad de la Informaci\u00f3n y de Comercio Electr\u00f3nico (LSSI-CE), se informa lo siguiente:<\/p>\t\t\t\t\t\t\t\t<\/div>\n\t\t\t\t<\/div>\n\t\t\t\t<div class=\"elementor-element elementor-element-86d0c33 elementor-widget elementor-widget-heading\" data-id=\"86d0c33\" data-element_type=\"widget\" data-e-type=\"widget\" data-widget_type=\"heading.default\">\n\t\t\t\t<div class=\"elementor-widget-container\">\n\t\t\t\t\t<h4 class=\"elementor-heading-title elementor-size-default\">1. DATOS IDENTIFICATIVOS<\/h4>\t\t\t\t<\/div>\n\t\t\t\t<\/div>\n\t\t\t\t<div class=\"elementor-element elementor-element-4022bfb elementor-widget elementor-widget-text-editor\" data-id=\"4022bfb\" data-element_type=\"widget\" data-e-type=\"widget\" data-widget_type=\"text-editor.default\">\n\t\t\t\t<div class=\"elementor-widget-container\">\n\t\t\t\t\t\t\t\t\t<p>El presente sitio web es propiedad de:<\/p><ul><li><strong>Nombre de la empresa:<\/strong> <em>Kerstin Swift \u2013 Swift Balear<\/em><\/li><li><strong>NIE:<\/strong> <em>Y5251653-P<\/em><\/li><li><strong>Domicilio social:<\/strong> <em>Calle D\u00b4Heredero, 14, 07014 Palma de Mallorca, Espa\u00f1a<\/em><\/li><li><strong>Tel\u00e9fono:<\/strong> <em>+34 971 103 870<\/em><\/li><li><strong>Correo electr\u00f3nico:<\/strong> <a href=\"mailto:info@swiftbalear.com\">info@<em>swiftbalear.com<\/em><\/a><\/li><li><strong>Dominio web:<\/strong><em> www.swiftbalear.com<\/em><\/li><\/ul>\t\t\t\t\t\t\t\t<\/div>\n\t\t\t\t<\/div>\n\t\t\t\t<div class=\"elementor-element elementor-element-907be6c elementor-widget elementor-widget-heading\" data-id=\"907be6c\" data-element_type=\"widget\" data-e-type=\"widget\" data-widget_type=\"heading.default\">\n\t\t\t\t<div class=\"elementor-widget-container\">\n\t\t\t\t\t<h4 class=\"elementor-heading-title elementor-size-default\">2. OBJETO<\/h4>\t\t\t\t<\/div>\n\t\t\t\t<\/div>\n\t\t\t\t<div class=\"elementor-element elementor-element-bf4f7db elementor-widget elementor-widget-text-editor\" data-id=\"bf4f7db\" data-element_type=\"widget\" data-e-type=\"widget\" data-widget_type=\"text-editor.default\">\n\t\t\t\t<div class=\"elementor-widget-container\">\n\t\t\t\t\t\t\t\t\t<p>El presente aviso legal regula el uso del sitio web de Kerstin Swift \u2013 Swift Balear al que se accede a trav\u00e9s de la direcci\u00f3n www.swiftbalear.com .El acceso y\/o uso de este sitio web atribuye la condici\u00f3n de USUARIO, que acepta, desde dicho acceso y\/o uso, los t\u00e9rminos aqu\u00ed reflejados. <\/p>\t\t\t\t\t\t\t\t<\/div>\n\t\t\t\t<\/div>\n\t\t\t\t<div class=\"elementor-element elementor-element-f2190f8 elementor-widget elementor-widget-heading\" data-id=\"f2190f8\" data-element_type=\"widget\" data-e-type=\"widget\" data-widget_type=\"heading.default\">\n\t\t\t\t<div class=\"elementor-widget-container\">\n\t\t\t\t\t<h4 class=\"elementor-heading-title elementor-size-default\">3. CONDICIONES DE USO<\/h4>\t\t\t\t<\/div>\n\t\t\t\t<\/div>\n\t\t\t\t<div class=\"elementor-element elementor-element-bd27975 elementor-widget elementor-widget-text-editor\" data-id=\"bd27975\" data-element_type=\"widget\" data-e-type=\"widget\" data-widget_type=\"text-editor.default\">\n\t\t\t\t<div class=\"elementor-widget-container\">\n\t\t\t\t\t\t\t\t\t<p>El USUARIO se compromete a hacer un uso adecuado de los contenidos y servicios que <em>Kerstin Swift \u2013 Swift Balear<\/em> ofrece a trav\u00e9s de su sitio web y, con car\u00e1cter enunciativo pero no limitativo, a no emplearlos para: <\/p><ul><li>Incurrir en actividades il\u00edcitas, ilegales o contrarias a la buena fe y al orden p\u00fablico.<\/li><li>Provocar da\u00f1os en los sistemas f\u00edsicos y l\u00f3gicos de <em>Kerstin Swift \u2013 Swift Balear,<\/em> de sus proveedores o de terceras personas.<\/li><li>Intentar acceder y, en su caso, utilizar las cuentas de correo electr\u00f3nico de otros usuarios y modificar o manipular sus mensajes.<\/li><\/ul><p><em>Kerstin Swift \u2013 Swift Balear<\/em> se reserva el derecho de retirar todos aquellos comentarios y aportaciones que vulneren el respeto a la dignidad de la persona, que sean discriminatorios, xen\u00f3fobos, racistas, pornogr\u00e1ficos, que atenten contra la juventud o la infancia, el orden o la seguridad p\u00fablica o que, a su juicio, no resulten adecuados para su publicaci\u00f3n.<\/p>\t\t\t\t\t\t\t\t<\/div>\n\t\t\t\t<\/div>\n\t\t\t\t<div class=\"elementor-element elementor-element-b11fc76 elementor-widget elementor-widget-heading\" data-id=\"b11fc76\" data-element_type=\"widget\" data-e-type=\"widget\" data-widget_type=\"heading.default\">\n\t\t\t\t<div class=\"elementor-widget-container\">\n\t\t\t\t\t<h4 class=\"elementor-heading-title elementor-size-default\">4. PROPIEDAD INTELECTUAL E INDUSTRIAL<\/h4>\t\t\t\t<\/div>\n\t\t\t\t<\/div>\n\t\t\t\t<div class=\"elementor-element elementor-element-c3daa4f elementor-widget elementor-widget-text-editor\" data-id=\"c3daa4f\" data-element_type=\"widget\" data-e-type=\"widget\" data-widget_type=\"text-editor.default\">\n\t\t\t\t<div class=\"elementor-widget-container\">\n\t\t\t\t\t\t\t\t\t<p>Todos los contenidos del sitio web (textos, im\u00e1genes, fotograf\u00edas, logotipos, archivos, combinaciones de colores, estructura y dise\u00f1o, etc.) son propiedad de Kerstin Swift \u2013 Swift Balear o, en su caso, de terceros autorizados, y est\u00e1n protegidos por los derechos de propiedad intelectual e industrial. Queda expresamente prohibida la reproducci\u00f3n, distribuci\u00f3n o modificaci\u00f3n, total o parcial, de los contenidos de este sitio web sin autorizaci\u00f3n previa y por escrito de Kerstin Swift \u2013 Swift Balear. <\/p>\t\t\t\t\t\t\t\t<\/div>\n\t\t\t\t<\/div>\n\t\t\t\t<div class=\"elementor-element elementor-element-c609711 elementor-widget elementor-widget-heading\" data-id=\"c609711\" data-element_type=\"widget\" data-e-type=\"widget\" data-widget_type=\"heading.default\">\n\t\t\t\t<div class=\"elementor-widget-container\">\n\t\t\t\t\t<h4 class=\"elementor-heading-title elementor-size-default\">5. EXCLUSI\u00d3N DE RESPONSABILIDAD<\/h4>\t\t\t\t<\/div>\n\t\t\t\t<\/div>\n\t\t\t\t<div class=\"elementor-element elementor-element-cd12c62 elementor-widget elementor-widget-text-editor\" data-id=\"cd12c62\" data-element_type=\"widget\" data-e-type=\"widget\" data-widget_type=\"text-editor.default\">\n\t\t\t\t<div class=\"elementor-widget-container\">\n\t\t\t\t\t\t\t\t\t<p>Kerstin Swift \u2013 Swift Balear no se hace responsable de los da\u00f1os y perjuicios que se pudieran derivar de interferencias, omisiones, interrupciones, virus inform\u00e1ticos, aver\u00edas telef\u00f3nicas o desconexiones en el funcionamiento operativo del sistema electr\u00f3nico. Asimismo, no se responsabiliza del contenido de los sitios web externos a los que se pueda acceder mediante enlaces desde esta web. <\/p>\t\t\t\t\t\t\t\t<\/div>\n\t\t\t\t<\/div>\n\t\t\t\t<div class=\"elementor-element elementor-element-a6a0ee0 elementor-widget elementor-widget-heading\" data-id=\"a6a0ee0\" data-element_type=\"widget\" data-e-type=\"widget\" data-widget_type=\"heading.default\">\n\t\t\t\t<div class=\"elementor-widget-container\">\n\t\t\t\t\t<h4 class=\"elementor-heading-title elementor-size-default\">6. MODIFICACIONES<\/h4>\t\t\t\t<\/div>\n\t\t\t\t<\/div>\n\t\t\t\t<div class=\"elementor-element elementor-element-833a838 elementor-widget elementor-widget-text-editor\" data-id=\"833a838\" data-element_type=\"widget\" data-e-type=\"widget\" data-widget_type=\"text-editor.default\">\n\t\t\t\t<div class=\"elementor-widget-container\">\n\t\t\t\t\t\t\t\t\t<p>Kerstin Swift \u2013 Swift Balear se reserva el derecho a realizar sin previo aviso las modificaciones que considere oportunas en su sitio web, pudiendo cambiar, suprimir o a\u00f1adir tanto los contenidos y servicios que se presten a trav\u00e9s de la misma como la forma en la que estos aparezcan presentados o localizados en su sitio web.<\/p>\t\t\t\t\t\t\t\t<\/div>\n\t\t\t\t<\/div>\n\t\t\t\t<div class=\"elementor-element elementor-element-728a7c5 elementor-widget elementor-widget-heading\" data-id=\"728a7c5\" data-element_type=\"widget\" data-e-type=\"widget\" data-widget_type=\"heading.default\">\n\t\t\t\t<div class=\"elementor-widget-container\">\n\t\t\t\t\t<h4 class=\"elementor-heading-title elementor-size-default\">7. LEGISLACI\u00d3N APLICABLE Y JURISDICCI\u00d3N<\/h4>\t\t\t\t<\/div>\n\t\t\t\t<\/div>\n\t\t\t\t<div class=\"elementor-element elementor-element-c09afc1 elementor-widget elementor-widget-text-editor\" data-id=\"c09afc1\" data-element_type=\"widget\" data-e-type=\"widget\" data-widget_type=\"text-editor.default\">\n\t\t\t\t<div class=\"elementor-widget-container\">\n\t\t\t\t\t\t\t\t\t<p>La relaci\u00f3n entre <em>Kerstin Swift \u2013 Swift Balear <\/em>y el USUARIO se regir\u00e1 por la normativa espa\u00f1ola vigente y cualquier controversia se someter\u00e1 a los Juzgados y tribunales de <strong>Palma de Mallorca<\/strong>, salvo que la normativa aplicable disponga otra cosa. <\/p>\t\t\t\t\t\t\t\t<\/div>\n\t\t\t\t<\/div>\n\t\t\t\t\t<\/div>\n\t\t\t\t<\/div>\n\t\t\t\t<\/div>\n\t\t","protected":false},"excerpt":{"rendered":"<p>Aviso legal En esta p\u00e1gina encontrar\u00e1 toda la informaci\u00f3n importante sobre nuestro sitio web, desde datos de contacto hasta informaci\u00f3n legal. La transparencia es fundamental para nosotros, incluso m\u00e1s all\u00e1 de las propiedades de ensue\u00f1o. En cumplimiento con lo establecido en la Ley 34\/2002, de 11 de julio, de Servicios de la Sociedad de la [&hellip;]<\/p>\n","protected":false},"author":7,"featured_media":0,"parent":0,"menu_order":0,"comment_status":"closed","ping_status":"closed","template":"","meta":{"footnotes":""},"class_list":["post-5276","page","type-page","status-publish","hentry"],"yoast_head":"<!-- This site is optimized with the Yoast SEO plugin v27.5 - https:\/\/yoast.com\/product\/yoast-seo-wordpress\/ -->\n<title>Aviso legal - Swift Balear<\/title>\n<meta name=\"robots\" content=\"index, follow, max-snippet:-1, max-image-preview:large, max-video-preview:-1\" \/>\n<link rel=\"canonical\" href=\"https:\/\/swiftbalear.com\/es\/pie-de-imprenta\/\" \/>\n<meta property=\"og:locale\" content=\"es_ES\" \/>\n<meta property=\"og:type\" content=\"article\" \/>\n<meta property=\"og:title\" content=\"Aviso legal - Swift Balear\" \/>\n<meta property=\"og:description\" content=\"Aviso legal En esta p\u00e1gina encontrar\u00e1 toda la informaci\u00f3n importante sobre nuestro sitio web, desde datos de contacto hasta informaci\u00f3n legal. La transparencia es fundamental para nosotros, incluso m\u00e1s all\u00e1 de las propiedades de ensue\u00f1o. En cumplimiento con lo establecido en la Ley 34\/2002, de 11 de julio, de Servicios de la Sociedad de la [&hellip;]\" \/>\n<meta property=\"og:url\" content=\"https:\/\/swiftbalear.com\/es\/pie-de-imprenta\/\" \/>\n<meta property=\"og:site_name\" content=\"Swift Balear\" \/>\n<meta property=\"article:modified_time\" content=\"2025-10-13T15:45:25+00:00\" \/>\n<meta property=\"og:image\" content=\"https:\/\/swiftbalear.com\/wp-content\/uploads\/2025\/10\/SwiftBalear_FB.jpg\" \/>\n\t<meta property=\"og:image:width\" content=\"1200\" \/>\n\t<meta property=\"og:image:height\" content=\"675\" \/>\n\t<meta property=\"og:image:type\" content=\"image\/jpeg\" \/>\n<meta name=\"twitter:card\" content=\"summary_large_image\" \/>\n<script type=\"application\/ld+json\" class=\"yoast-schema-graph\">{\"@context\":\"https:\\\/\\\/schema.org\",\"@graph\":[{\"@type\":\"WebPage\",\"@id\":\"https:\\\/\\\/swiftbalear.com\\\/es\\\/pie-de-imprenta\\\/\",\"url\":\"https:\\\/\\\/swiftbalear.com\\\/es\\\/pie-de-imprenta\\\/\",\"name\":\"Aviso legal - Swift Balear\",\"isPartOf\":{\"@id\":\"https:\\\/\\\/swiftbalear.com\\\/es\\\/#website\"},\"datePublished\":\"2025-04-29T11:15:20+00:00\",\"dateModified\":\"2025-10-13T15:45:25+00:00\",\"breadcrumb\":{\"@id\":\"https:\\\/\\\/swiftbalear.com\\\/es\\\/pie-de-imprenta\\\/#breadcrumb\"},\"inLanguage\":\"es-ES\",\"potentialAction\":[{\"@type\":\"ReadAction\",\"target\":[\"https:\\\/\\\/swiftbalear.com\\\/es\\\/pie-de-imprenta\\\/\"]}]},{\"@type\":\"BreadcrumbList\",\"@id\":\"https:\\\/\\\/swiftbalear.com\\\/es\\\/pie-de-imprenta\\\/#breadcrumb\",\"itemListElement\":[{\"@type\":\"ListItem\",\"position\":1,\"name\":\"Home\",\"item\":\"https:\\\/\\\/swiftbalear.com\\\/es\\\/hogar\\\/\"},{\"@type\":\"ListItem\",\"position\":2,\"name\":\"Aviso legal\"}]},{\"@type\":\"WebSite\",\"@id\":\"https:\\\/\\\/swiftbalear.com\\\/es\\\/#website\",\"url\":\"https:\\\/\\\/swiftbalear.com\\\/es\\\/\",\"name\":\"Swift Balear\",\"description\":\"Leben Sie den Traum der Balearen.\",\"publisher\":{\"@id\":\"https:\\\/\\\/swiftbalear.com\\\/es\\\/#organization\"},\"potentialAction\":[{\"@type\":\"SearchAction\",\"target\":{\"@type\":\"EntryPoint\",\"urlTemplate\":\"https:\\\/\\\/swiftbalear.com\\\/es\\\/?s={search_term_string}\"},\"query-input\":{\"@type\":\"PropertyValueSpecification\",\"valueRequired\":true,\"valueName\":\"search_term_string\"}}],\"inLanguage\":\"es-ES\"},{\"@type\":\"Organization\",\"@id\":\"https:\\\/\\\/swiftbalear.com\\\/es\\\/#organization\",\"name\":\"Swift Balear\",\"url\":\"https:\\\/\\\/swiftbalear.com\\\/es\\\/\",\"logo\":{\"@type\":\"ImageObject\",\"inLanguage\":\"es-ES\",\"@id\":\"https:\\\/\\\/swiftbalear.com\\\/es\\\/#\\\/schema\\\/logo\\\/image\\\/\",\"url\":\"https:\\\/\\\/swiftbalear.com\\\/wp-content\\\/uploads\\\/2024\\\/11\\\/logo.png\",\"contentUrl\":\"https:\\\/\\\/swiftbalear.com\\\/wp-content\\\/uploads\\\/2024\\\/11\\\/logo.png\",\"width\":1294,\"height\":780,\"caption\":\"Swift Balear\"},\"image\":{\"@id\":\"https:\\\/\\\/swiftbalear.com\\\/es\\\/#\\\/schema\\\/logo\\\/image\\\/\"}}]}<\/script>\n<!-- \/ Yoast SEO plugin. -->","yoast_head_json":{"title":"Aviso legal - Swift Balear","robots":{"index":"index","follow":"follow","max-snippet":"max-snippet:-1","max-image-preview":"max-image-preview:large","max-video-preview":"max-video-preview:-1"},"canonical":"https:\/\/swiftbalear.com\/es\/pie-de-imprenta\/","og_locale":"es_ES","og_type":"article","og_title":"Aviso legal - Swift Balear","og_description":"Aviso legal En esta p\u00e1gina encontrar\u00e1 toda la informaci\u00f3n importante sobre nuestro sitio web, desde datos de contacto hasta informaci\u00f3n legal. La transparencia es fundamental para nosotros, incluso m\u00e1s all\u00e1 de las propiedades de ensue\u00f1o. En cumplimiento con lo establecido en la Ley 34\/2002, de 11 de julio, de Servicios de la Sociedad de la [&hellip;]","og_url":"https:\/\/swiftbalear.com\/es\/pie-de-imprenta\/","og_site_name":"Swift Balear","article_modified_time":"2025-10-13T15:45:25+00:00","og_image":[{"width":1200,"height":675,"url":"https:\/\/swiftbalear.com\/wp-content\/uploads\/2025\/10\/SwiftBalear_FB.jpg","type":"image\/jpeg"}],"twitter_card":"summary_large_image","schema":{"@context":"https:\/\/schema.org","@graph":[{"@type":"WebPage","@id":"https:\/\/swiftbalear.com\/es\/pie-de-imprenta\/","url":"https:\/\/swiftbalear.com\/es\/pie-de-imprenta\/","name":"Aviso legal - Swift Balear","isPartOf":{"@id":"https:\/\/swiftbalear.com\/es\/#website"},"datePublished":"2025-04-29T11:15:20+00:00","dateModified":"2025-10-13T15:45:25+00:00","breadcrumb":{"@id":"https:\/\/swiftbalear.com\/es\/pie-de-imprenta\/#breadcrumb"},"inLanguage":"es-ES","potentialAction":[{"@type":"ReadAction","target":["https:\/\/swiftbalear.com\/es\/pie-de-imprenta\/"]}]},{"@type":"BreadcrumbList","@id":"https:\/\/swiftbalear.com\/es\/pie-de-imprenta\/#breadcrumb","itemListElement":[{"@type":"ListItem","position":1,"name":"Home","item":"https:\/\/swiftbalear.com\/es\/hogar\/"},{"@type":"ListItem","position":2,"name":"Aviso legal"}]},{"@type":"WebSite","@id":"https:\/\/swiftbalear.com\/es\/#website","url":"https:\/\/swiftbalear.com\/es\/","name":"Swift Balear","description":"Leben Sie den Traum der Balearen.","publisher":{"@id":"https:\/\/swiftbalear.com\/es\/#organization"},"potentialAction":[{"@type":"SearchAction","target":{"@type":"EntryPoint","urlTemplate":"https:\/\/swiftbalear.com\/es\/?s={search_term_string}"},"query-input":{"@type":"PropertyValueSpecification","valueRequired":true,"valueName":"search_term_string"}}],"inLanguage":"es-ES"},{"@type":"Organization","@id":"https:\/\/swiftbalear.com\/es\/#organization","name":"Swift Balear","url":"https:\/\/swiftbalear.com\/es\/","logo":{"@type":"ImageObject","inLanguage":"es-ES","@id":"https:\/\/swiftbalear.com\/es\/#\/schema\/logo\/image\/","url":"https:\/\/swiftbalear.com\/wp-content\/uploads\/2024\/11\/logo.png","contentUrl":"https:\/\/swiftbalear.com\/wp-content\/uploads\/2024\/11\/logo.png","width":1294,"height":780,"caption":"Swift Balear"},"image":{"@id":"https:\/\/swiftbalear.com\/es\/#\/schema\/logo\/image\/"}}]}},"_links":{"self":[{"href":"https:\/\/swiftbalear.com\/es\/wp-json\/wp\/v2\/pages\/5276","targetHints":{"allow":["GET"]}}],"collection":[{"href":"https:\/\/swiftbalear.com\/es\/wp-json\/wp\/v2\/pages"}],"about":[{"href":"https:\/\/swiftbalear.com\/es\/wp-json\/wp\/v2\/types\/page"}],"author":[{"embeddable":true,"href":"https:\/\/swiftbalear.com\/es\/wp-json\/wp\/v2\/users\/7"}],"replies":[{"embeddable":true,"href":"https:\/\/swiftbalear.com\/es\/wp-json\/wp\/v2\/comments?post=5276"}],"version-history":[{"count":6,"href":"https:\/\/swiftbalear.com\/es\/wp-json\/wp\/v2\/pages\/5276\/revisions"}],"predecessor-version":[{"id":6517,"href":"https:\/\/swiftbalear.com\/es\/wp-json\/wp\/v2\/pages\/5276\/revisions\/6517"}],"wp:attachment":[{"href":"https:\/\/swiftbalear.com\/es\/wp-json\/wp\/v2\/media?parent=5276"}],"curies":[{"name":"wp","href":"https:\/\/api.w.org\/{rel}","templated":true}]}}